{"id":45833,"date":"2023-02-16T16:49:55","date_gmt":"2023-02-16T16:49:55","guid":{"rendered":"https:\/\/naturpiedra.com\/es\/?page_id=45833"},"modified":"2026-03-06T12:11:30","modified_gmt":"2026-03-06T12:11:30","slug":"politica-privacidad","status":"publish","type":"page","link":"https:\/\/naturpiedra.com\/es\/politica-privacidad\/","title":{"rendered":"Pol\u00edtica Privacidad"},"content":{"rendered":"\t\t<div data-elementor-type=\"wp-page\" data-elementor-id=\"45833\" class=\"elementor elementor-45833\" data-elementor-post-type=\"page\">\n\t\t\t\t\t\t<section class=\"elementor-section elementor-top-section elementor-element elementor-element-7f4587a elementor-section-boxed elementor-section-height-default elementor-section-height-default\" data-id=\"7f4587a\" data-element_type=\"section\" data-e-type=\"section\">\n\t\t\t\t\t\t<div class=\"elementor-container elementor-column-gap-default\">\n\t\t\t\t\t<div class=\"elementor-column elementor-col-100 elementor-top-column elementor-element elementor-element-f18cdad\" data-id=\"f18cdad\" data-element_type=\"column\" data-e-type=\"column\">\n\t\t\t<div class=\"elementor-widget-wrap elementor-element-populated\">\n\t\t\t\t\t\t<div class=\"elementor-element elementor-element-ca35888 elementor-widget elementor-widget-heading\" data-id=\"ca35888\" data-element_type=\"widget\" data-e-type=\"widget\" data-widget_type=\"heading.default\">\n\t\t\t\t<div class=\"elementor-widget-container\">\n\t\t\t\t\t<h1 class=\"elementor-heading-title elementor-size-default\">Pol\u00edtica de privacidad<\/h1>\t\t\t\t<\/div>\n\t\t\t\t<\/div>\n\t\t\t\t\t<\/div>\n\t\t<\/div>\n\t\t\t\t\t<\/div>\n\t\t<\/section>\n\t\t\t\t<section class=\"elementor-section elementor-top-section elementor-element elementor-element-e793aeb elementor-section-boxed elementor-section-height-default elementor-section-height-default\" data-id=\"e793aeb\" data-element_type=\"section\" data-e-type=\"section\">\n\t\t\t\t\t\t<div class=\"elementor-container elementor-column-gap-default\">\n\t\t\t\t\t<div class=\"elementor-column elementor-col-100 elementor-top-column elementor-element elementor-element-ca826ac\" data-id=\"ca826ac\" data-element_type=\"column\" data-e-type=\"column\">\n\t\t\t<div class=\"elementor-widget-wrap elementor-element-populated\">\n\t\t\t\t\t\t<div class=\"elementor-element elementor-element-3dd4962 elementor-widget elementor-widget-text-editor\" data-id=\"3dd4962\" data-element_type=\"widget\" data-e-type=\"widget\" data-widget_type=\"text-editor.default\">\n\t\t\t\t<div class=\"elementor-widget-container\">\n\t\t\t\t\t\t\t\t\t<p>Cuando precisemos obtener informaci\u00f3n por su parte, siempre le solicitaremos que nos la proporcione voluntariamente de forma expresa. Los datos recabados a trav\u00e9s de los formularios de recogida de datos del sitio web u otras v\u00edas ser\u00e1n incorporados a un fichero de datos de car\u00e1cter personal debidamente inscrito en el Registro General de Protecci\u00f3n de Datos de la Agencia Espa\u00f1ola de Protecci\u00f3n de Datos, del cual es responsable <strong>PIZARRAS JBERNARDOS S.L..<\/strong>\u00a0Esta entidad tratar\u00e1 los datos de forma confidencial y exclusivamente con la finalidad de ofrecer los servicios solicitados, con todas las garant\u00edas legales y de seguridad que impone la Ley Org\u00e1nica 15\/1999, de 13 de diciembre, de Protecci\u00f3n de Datos de Car\u00e1cter Personal, el Real Decreto 1720\/2007, de 21 de diciembre y la Ley 34\/2002, de 11 de julio, de Servicios de la Sociedad de la Informaci\u00f3n y Comercio Electr\u00f3nico.<\/p><p><br \/>EL PROPIETARIO DE LA WEB se compromete a no ceder, vender, ni compartir los datos con terceros sin su aprobaci\u00f3n expresa.<\/p><p><br \/>Asimismo,\u00a0<strong>PIZARRAS JBERNARDOS S.L.<\/strong>\u00a0cancelar\u00e1 o rectificar\u00e1 los datos cuando resulten inexactos, incompletos o hayan dejado de ser necesarios o pertinentes para su finalidad, de conformidad con lo previsto en la Ley Org\u00e1nica 15\/1999, de 13 de diciembre, de Protecci\u00f3n de Datos de Car\u00e1cter Personal.<\/p><p><br \/>El usuario podr\u00e1 revocar el consentimiento prestado y ejercer los derechos de acceso, rectificaci\u00f3n, cancelaci\u00f3n y oposici\u00f3n dirigi\u00e9ndose a tal efecto al domicilio de\u00a0<strong>PIZARRAS JBERNARDOS S.L.<\/strong>\u00a0sito en CRTA DE CARBONERO S\/N 40430 BERNARDOS SEGOVIA , identific\u00e1ndose debidamente e indicando de forma visible el concreto derecho que se ejerce.<\/p><p><br \/>EL PROPIETARIO DE LA WEB adopta los niveles de seguridad correspondientes requeridos por la citada Ley Org\u00e1nica 15\/1999, de 13 de diciembre, de Protecci\u00f3n de Datos de Car\u00e1cter Personal y dem\u00e1s normativa aplicable.<\/p><p><br \/>No obstante, no asume ninguna responsabilidad por los da\u00f1os y perjuicios derivados de alteraciones que terceros pueden causar en los sistemas inform\u00e1ticos, documentos electr\u00f3nicos o ficheros del usuario.<\/p><p><br \/>EL PROPIETARIO DE LA WEB podr\u00e1 utilizar cookies durante la prestaci\u00f3n de servicios del sitio web. Las cookies son ficheros f\u00edsicos de informaci\u00f3n personal alojados en el propio terminal del usuario. El usuario tiene la posibilidad de configurar su programa navegador de manera que se impida la creaci\u00f3n de archivos cookie o se advierta de la misma.<\/p><p>Si opta a abandonar nuestro sitio web a trav\u00e9s de enlaces a sitios web no pertenecientes a nuestra entidad, EL PROPIETARIO DE LA WEB no se har\u00e1 responsable de las pol\u00edticas de privacidad de dichos sitios web ni de las cookies que \u00e9stos puedan almacenar en el ordenador del usuario.<\/p><p><br \/>Nuestra pol\u00edtica con respecto al correo electr\u00f3nico se centra en remitir \u00fanicamente comunicaciones que usted haya solicitado recibir.<\/p><p>Si prefiere no recibir estos mensajes por correo electr\u00f3nico le ofreceremos a trav\u00e9s de los mismos la posibilidad de ejercer su derecho de cancelaci\u00f3n y renuncia a la recepci\u00f3n de estos<br \/>mensajes, en conformidad con lo dispuesto en el T\u00edtulo III, art\u00edculo 22 de la Ley 34\/2002 de Servicios para la Sociedad de la Informaci\u00f3n y de Comercio Electr\u00f3nico.<\/p>\t\t\t\t\t\t\t\t<\/div>\n\t\t\t\t<\/div>\n\t\t\t\t<div class=\"elementor-element elementor-element-cc15a79 elementor-widget elementor-widget-text-editor\" data-id=\"cc15a79\" data-element_type=\"widget\" data-e-type=\"widget\" data-widget_type=\"text-editor.default\">\n\t\t\t\t<div class=\"elementor-widget-container\">\n\t\t\t\t\t\t\t\t\t<h2>CONSENTIMIENTO PARA EL USO DE COOKIES.<\/h2><p>Para que nuestro sitio web funcione correctamente utilizamos cookies. Para obtener tu consentimiento v\u00e1lido para el uso y el almacenamiento de cookies en el navegador que utilizas para acceder a nuestro sitio web y para documentarlo adecuadamente utilizamos una plataforma de gesti\u00f3n del consentimiento: CookieFirst. Esta tecnolog\u00eda es proporcionada por Digital Data Solutions BV, Plantage Middenlaan 42a, 1018 DH, Amsterdam, Pa\u00edses Bajos. Sitio web: <a title=\"Cookiefirst page\" href=\"https:\/\/cookiefirst.com\">https:\/\/cookiefirst.com<\/a> denominado CookieFirst.<\/p><p>Cuando accedes a nuestro sitio web, se establece una conexi\u00f3n con el servidor de CookieFirstpara darnos la posibilidad de obtener tu consentimiento v\u00e1lido para el uso de cookies determinadas. A continuaci\u00f3n, CookieFirst almacena una cookie en tu navegador para poder activar s\u00f3lo aquellas cookies a las que has dado tu consentimiento y para documentarlo adecuadamente. Los datos procesados se almacenan hasta que expira el periodo de almacenamiento predefinido o hasta que solicites la eliminaci\u00f3n de los datos. A pesar de lo anterior, pueden aplicarse determinados periodos de almacenamiento legales obligatorios.<\/p><p>CookieFirst se utiliza para obtener el consentimiento legalmente requerido para el uso de cookies. La base legal para ello es el art\u00edculo 6(1)(c) del Reglamento General de Protecci\u00f3n de Datos (GDPR).<\/p><h2>ACUERDO DE PROCESAMIENTO DE DATOS<\/h2><p>Hemos celebrado un acuerdo de procesamiento de datos con CookieFirst. Se trata de un contrato exigido por la ley de protecci\u00f3n de datos, que garantiza que los datos de los visitantes de nuestro sitio web solo se procesen de acuerdo con nuestras instrucciones y en cumplimiento del GDPR.<\/p><h2>ARCHIVOS DE REGISTRO DEL SERVIDOR<\/h2><p>Nuestro sitio web y CookieFirst recogen y almacenan autom\u00e1ticamente informaci\u00f3n en los denominados archivos de registro del servidor, que tu navegador nos transmite autom\u00e1ticamente. Se recogen los siguientes datos:<\/p><ul><li>Tu consentimiento o la retirada del mismo<\/li><li>Tu direcci\u00f3n IP an\u00f3nima<\/li><li>Informaci\u00f3n sobre tu navegador<\/li><li>Informaci\u00f3n sobre tu dispositivo<\/li><li>La fecha y la hora en que has visitado nuestro sitio web<\/li><li>La url de la p\u00e1gina web donde has guardado o actualizado tus preferencias de consentimiento<\/li><li>La ubicaci\u00f3n aproximada del usuario que guard\u00f3 sus preferencias de consentimiento<\/li><li>Un identificador \u00fanico universal (UUID) del visitante del sitio web que hizo clic en el banner cookie<\/li><\/ul>\t\t\t\t\t\t\t\t<\/div>\n\t\t\t\t<\/div>\n\t\t\t\t<div class=\"elementor-element elementor-element-e69229e elementor-widget elementor-widget-html\" data-id=\"e69229e\" data-element_type=\"widget\" data-e-type=\"widget\" data-widget_type=\"html.default\">\n\t\t\t\t<div class=\"elementor-widget-container\">\n\t\t\t\t\t<div id=\"cookiefirst-cookies-table\"><\/div>\r\n  <div>Esta tabla de cookies ha sido creada y actualizada por <a href=\"https:\/\/cookiefirst.com\/es\/cookie-manager\/\">Cookie Manager CookieFirst<\/a>.<\/div>\r\n  \t\t\t\t<\/div>\n\t\t\t\t<\/div>\n\t\t\t\t\t<\/div>\n\t\t<\/div>\n\t\t\t\t\t<\/div>\n\t\t<\/section>\n\t\t\t\t<\/div>\n\t\t","protected":false},"excerpt":{"rendered":"<p>Pol\u00edtica de privacidad Cuando precisemos obtener informaci\u00f3n por su parte, siempre le solicitaremos que nos la proporcione voluntariamente de forma expresa. Los datos recabados a trav\u00e9s de los formularios de recogida de datos del sitio web u otras v\u00edas ser\u00e1n incorporados a un fichero de datos de car\u00e1cter personal debidamente inscrito en el Registro General [&hellip;]<\/p>\n","protected":false},"author":2,"featured_media":0,"parent":0,"menu_order":0,"comment_status":"closed","ping_status":"open","template":"","meta":{"inline_featured_image":false,"footnotes":""},"class_list":["post-45833","page","type-page","status-publish","hentry"],"yoast_head":"<!-- This site is optimized with the Yoast SEO plugin v27.4 - https:\/\/yoast.com\/product\/yoast-seo-wordpress\/ -->\n<title>Pol\u00edtica Privacidad - naturpiedra JBERNARDOS<\/title>\n<meta name=\"robots\" content=\"index, follow, max-snippet:-1, max-image-preview:large, max-video-preview:-1\" \/>\n<link rel=\"canonical\" href=\"https:\/\/naturpiedra.com\/es\/politica-privacidad\/\" \/>\n<meta property=\"og:locale\" content=\"es_ES\" \/>\n<meta property=\"og:type\" content=\"article\" \/>\n<meta property=\"og:title\" content=\"Pol\u00edtica Privacidad - naturpiedra JBERNARDOS\" \/>\n<meta property=\"og:description\" content=\"Pol\u00edtica de privacidad Cuando precisemos obtener informaci\u00f3n por su parte, siempre le solicitaremos que nos la proporcione voluntariamente de forma expresa. Los datos recabados a trav\u00e9s de los formularios de recogida de datos del sitio web u otras v\u00edas ser\u00e1n incorporados a un fichero de datos de car\u00e1cter personal debidamente inscrito en el Registro General [&hellip;]\" \/>\n<meta property=\"og:url\" content=\"https:\/\/naturpiedra.com\/es\/politica-privacidad\/\" \/>\n<meta property=\"og:site_name\" content=\"naturpiedra JBERNARDOS\" \/>\n<meta property=\"article:modified_time\" content=\"2026-03-06T12:11:30+00:00\" \/>\n<meta name=\"twitter:card\" content=\"summary_large_image\" \/>\n<meta name=\"twitter:label1\" content=\"Tiempo de lectura\" \/>\n\t<meta name=\"twitter:data1\" content=\"4 minutos\" \/>\n<script type=\"application\/ld+json\" class=\"yoast-schema-graph\">{\"@context\":\"https:\\\/\\\/schema.org\",\"@graph\":[{\"@type\":\"WebPage\",\"@id\":\"https:\\\/\\\/naturpiedra.com\\\/es\\\/politica-privacidad\\\/\",\"url\":\"https:\\\/\\\/naturpiedra.com\\\/es\\\/politica-privacidad\\\/\",\"name\":\"Pol\u00edtica Privacidad - naturpiedra JBERNARDOS\",\"isPartOf\":{\"@id\":\"https:\\\/\\\/naturpiedra.com\\\/es\\\/#website\"},\"datePublished\":\"2023-02-16T16:49:55+00:00\",\"dateModified\":\"2026-03-06T12:11:30+00:00\",\"breadcrumb\":{\"@id\":\"https:\\\/\\\/naturpiedra.com\\\/es\\\/politica-privacidad\\\/#breadcrumb\"},\"inLanguage\":\"es\",\"potentialAction\":[{\"@type\":\"ReadAction\",\"target\":[\"https:\\\/\\\/naturpiedra.com\\\/es\\\/politica-privacidad\\\/\"]}]},{\"@type\":\"BreadcrumbList\",\"@id\":\"https:\\\/\\\/naturpiedra.com\\\/es\\\/politica-privacidad\\\/#breadcrumb\",\"itemListElement\":[{\"@type\":\"ListItem\",\"position\":1,\"name\":\"Portada\",\"item\":\"https:\\\/\\\/naturpiedra.com\\\/es\\\/\"},{\"@type\":\"ListItem\",\"position\":2,\"name\":\"Pol\u00edtica Privacidad\"}]},{\"@type\":\"WebSite\",\"@id\":\"https:\\\/\\\/naturpiedra.com\\\/es\\\/#website\",\"url\":\"https:\\\/\\\/naturpiedra.com\\\/es\\\/\",\"name\":\"naturpiedra JBERNARDOS\",\"description\":\"| Suministro y Colocaci\u00f3n de Piedra Natural\",\"publisher\":{\"@id\":\"https:\\\/\\\/naturpiedra.com\\\/es\\\/#organization\"},\"potentialAction\":[{\"@type\":\"SearchAction\",\"target\":{\"@type\":\"EntryPoint\",\"urlTemplate\":\"https:\\\/\\\/naturpiedra.com\\\/es\\\/?s={search_term_string}\"},\"query-input\":{\"@type\":\"PropertyValueSpecification\",\"valueRequired\":true,\"valueName\":\"search_term_string\"}}],\"inLanguage\":\"es\"},{\"@type\":\"Organization\",\"@id\":\"https:\\\/\\\/naturpiedra.com\\\/es\\\/#organization\",\"name\":\"naturpiedra JBERNARDOS\",\"url\":\"https:\\\/\\\/naturpiedra.com\\\/es\\\/\",\"logo\":{\"@type\":\"ImageObject\",\"inLanguage\":\"es\",\"@id\":\"https:\\\/\\\/naturpiedra.com\\\/es\\\/#\\\/schema\\\/logo\\\/image\\\/\",\"url\":\"https:\\\/\\\/naturpiedra.com\\\/es\\\/wp-content\\\/uploads\\\/2022\\\/09\\\/logo-naturpiedra.png\",\"contentUrl\":\"https:\\\/\\\/naturpiedra.com\\\/es\\\/wp-content\\\/uploads\\\/2022\\\/09\\\/logo-naturpiedra.png\",\"width\":265,\"height\":50,\"caption\":\"naturpiedra JBERNARDOS\"},\"image\":{\"@id\":\"https:\\\/\\\/naturpiedra.com\\\/es\\\/#\\\/schema\\\/logo\\\/image\\\/\"}}]}<\/script>\n<!-- \/ Yoast SEO plugin. -->","yoast_head_json":{"title":"Pol\u00edtica Privacidad - naturpiedra JBERNARDOS","robots":{"index":"index","follow":"follow","max-snippet":"max-snippet:-1","max-image-preview":"max-image-preview:large","max-video-preview":"max-video-preview:-1"},"canonical":"https:\/\/naturpiedra.com\/es\/politica-privacidad\/","og_locale":"es_ES","og_type":"article","og_title":"Pol\u00edtica Privacidad - naturpiedra JBERNARDOS","og_description":"Pol\u00edtica de privacidad Cuando precisemos obtener informaci\u00f3n por su parte, siempre le solicitaremos que nos la proporcione voluntariamente de forma expresa. Los datos recabados a trav\u00e9s de los formularios de recogida de datos del sitio web u otras v\u00edas ser\u00e1n incorporados a un fichero de datos de car\u00e1cter personal debidamente inscrito en el Registro General [&hellip;]","og_url":"https:\/\/naturpiedra.com\/es\/politica-privacidad\/","og_site_name":"naturpiedra JBERNARDOS","article_modified_time":"2026-03-06T12:11:30+00:00","twitter_card":"summary_large_image","twitter_misc":{"Tiempo de lectura":"4 minutos"},"schema":{"@context":"https:\/\/schema.org","@graph":[{"@type":"WebPage","@id":"https:\/\/naturpiedra.com\/es\/politica-privacidad\/","url":"https:\/\/naturpiedra.com\/es\/politica-privacidad\/","name":"Pol\u00edtica Privacidad - naturpiedra JBERNARDOS","isPartOf":{"@id":"https:\/\/naturpiedra.com\/es\/#website"},"datePublished":"2023-02-16T16:49:55+00:00","dateModified":"2026-03-06T12:11:30+00:00","breadcrumb":{"@id":"https:\/\/naturpiedra.com\/es\/politica-privacidad\/#breadcrumb"},"inLanguage":"es","potentialAction":[{"@type":"ReadAction","target":["https:\/\/naturpiedra.com\/es\/politica-privacidad\/"]}]},{"@type":"BreadcrumbList","@id":"https:\/\/naturpiedra.com\/es\/politica-privacidad\/#breadcrumb","itemListElement":[{"@type":"ListItem","position":1,"name":"Portada","item":"https:\/\/naturpiedra.com\/es\/"},{"@type":"ListItem","position":2,"name":"Pol\u00edtica Privacidad"}]},{"@type":"WebSite","@id":"https:\/\/naturpiedra.com\/es\/#website","url":"https:\/\/naturpiedra.com\/es\/","name":"naturpiedra JBERNARDOS","description":"| Suministro y Colocaci\u00f3n de Piedra Natural","publisher":{"@id":"https:\/\/naturpiedra.com\/es\/#organization"},"potentialAction":[{"@type":"SearchAction","target":{"@type":"EntryPoint","urlTemplate":"https:\/\/naturpiedra.com\/es\/?s={search_term_string}"},"query-input":{"@type":"PropertyValueSpecification","valueRequired":true,"valueName":"search_term_string"}}],"inLanguage":"es"},{"@type":"Organization","@id":"https:\/\/naturpiedra.com\/es\/#organization","name":"naturpiedra JBERNARDOS","url":"https:\/\/naturpiedra.com\/es\/","logo":{"@type":"ImageObject","inLanguage":"es","@id":"https:\/\/naturpiedra.com\/es\/#\/schema\/logo\/image\/","url":"https:\/\/naturpiedra.com\/es\/wp-content\/uploads\/2022\/09\/logo-naturpiedra.png","contentUrl":"https:\/\/naturpiedra.com\/es\/wp-content\/uploads\/2022\/09\/logo-naturpiedra.png","width":265,"height":50,"caption":"naturpiedra JBERNARDOS"},"image":{"@id":"https:\/\/naturpiedra.com\/es\/#\/schema\/logo\/image\/"}}]}},"lang":"es","translations":{"es":45833},"pll_sync_post":[],"_links":{"self":[{"href":"https:\/\/naturpiedra.com\/es\/wp-json\/wp\/v2\/pages\/45833","targetHints":{"allow":["GET"]}}],"collection":[{"href":"https:\/\/naturpiedra.com\/es\/wp-json\/wp\/v2\/pages"}],"about":[{"href":"https:\/\/naturpiedra.com\/es\/wp-json\/wp\/v2\/types\/page"}],"author":[{"embeddable":true,"href":"https:\/\/naturpiedra.com\/es\/wp-json\/wp\/v2\/users\/2"}],"replies":[{"embeddable":true,"href":"https:\/\/naturpiedra.com\/es\/wp-json\/wp\/v2\/comments?post=45833"}],"version-history":[{"count":6,"href":"https:\/\/naturpiedra.com\/es\/wp-json\/wp\/v2\/pages\/45833\/revisions"}],"predecessor-version":[{"id":73650,"href":"https:\/\/naturpiedra.com\/es\/wp-json\/wp\/v2\/pages\/45833\/revisions\/73650"}],"wp:attachment":[{"href":"https:\/\/naturpiedra.com\/es\/wp-json\/wp\/v2\/media?parent=45833"}],"curies":[{"name":"wp","href":"https:\/\/api.w.org\/{rel}","templated":true}]}}