{"id":40857,"date":"2023-01-20T12:06:51","date_gmt":"2023-01-20T12:06:51","guid":{"rendered":"https:\/\/naturpiedra.com\/es\/?page_id=40857"},"modified":"2023-06-06T21:43:40","modified_gmt":"2023-06-06T21:43:40","slug":"travertino-y-marmoles","status":"publish","type":"page","link":"https:\/\/naturpiedra.com\/es\/travertino-y-marmoles\/","title":{"rendered":"Tipolog\u00eda &#8211; Travertino y M\u00e1rmoles"},"content":{"rendered":"\t\t<div data-elementor-type=\"wp-page\" data-elementor-id=\"40857\" class=\"elementor elementor-40857\" data-elementor-post-type=\"page\">\n\t\t\t\t\t\t<section class=\"elementor-section elementor-top-section elementor-element elementor-element-67c7348 elementor-hidden-tablet elementor-hidden-mobile elementor-section-boxed elementor-section-height-default elementor-section-height-default\" data-id=\"67c7348\" data-element_type=\"section\" data-e-type=\"section\">\n\t\t\t\t\t\t<div class=\"elementor-container elementor-column-gap-default\">\n\t\t\t\t\t<div class=\"elementor-column elementor-col-100 elementor-top-column elementor-element elementor-element-5b23386\" data-id=\"5b23386\" data-element_type=\"column\" data-e-type=\"column\">\n\t\t\t<div class=\"elementor-widget-wrap elementor-element-populated\">\n\t\t\t\t\t\t<div class=\"elementor-element elementor-element-75020a9 elementor-widget__width-auto elementor-widget elementor-widget-button\" data-id=\"75020a9\" data-element_type=\"widget\" data-e-type=\"widget\" data-widget_type=\"button.default\">\n\t\t\t\t<div class=\"elementor-widget-container\">\n\t\t\t\t\t\t\t\t\t<div class=\"elementor-button-wrapper\">\n\t\t\t\t\t<a class=\"elementor-button elementor-button-link elementor-size-xs\" href=\"https:\/\/naturpiedra.com\/es\/pizarras\/\">\n\t\t\t\t\t\t<span class=\"elementor-button-content-wrapper\">\n\t\t\t\t\t\t\t\t\t<span class=\"elementor-button-text\">Pizarras y Filitas<\/span>\n\t\t\t\t\t<\/span>\n\t\t\t\t\t<\/a>\n\t\t\t\t<\/div>\n\t\t\t\t\t\t\t\t<\/div>\n\t\t\t\t<\/div>\n\t\t\t\t<div class=\"elementor-element elementor-element-e15dd39 elementor-widget__width-auto elementor-widget elementor-widget-button\" data-id=\"e15dd39\" data-element_type=\"widget\" data-e-type=\"widget\" data-widget_type=\"button.default\">\n\t\t\t\t<div class=\"elementor-widget-container\">\n\t\t\t\t\t\t\t\t\t<div class=\"elementor-button-wrapper\">\n\t\t\t\t\t<a class=\"elementor-button elementor-button-link elementor-size-xs\" href=\"https:\/\/naturpiedra.com\/es\/pizarras\/\">\n\t\t\t\t\t\t<span class=\"elementor-button-content-wrapper\">\n\t\t\t\t\t\t\t\t\t<span class=\"elementor-button-text\">Cuarcitas<\/span>\n\t\t\t\t\t<\/span>\n\t\t\t\t\t<\/a>\n\t\t\t\t<\/div>\n\t\t\t\t\t\t\t\t<\/div>\n\t\t\t\t<\/div>\n\t\t\t\t<div class=\"elementor-element elementor-element-4d2701b elementor-widget__width-auto elementor-widget elementor-widget-button\" data-id=\"4d2701b\" data-element_type=\"widget\" data-e-type=\"widget\" data-widget_type=\"button.default\">\n\t\t\t\t<div class=\"elementor-widget-container\">\n\t\t\t\t\t\t\t\t\t<div class=\"elementor-button-wrapper\">\n\t\t\t\t\t<a class=\"elementor-button elementor-button-link elementor-size-xs\" href=\"https:\/\/naturpiedra.com\/es\/calizas\/\">\n\t\t\t\t\t\t<span class=\"elementor-button-content-wrapper\">\n\t\t\t\t\t\t\t\t\t<span class=\"elementor-button-text\">Calizas<\/span>\n\t\t\t\t\t<\/span>\n\t\t\t\t\t<\/a>\n\t\t\t\t<\/div>\n\t\t\t\t\t\t\t\t<\/div>\n\t\t\t\t<\/div>\n\t\t\t\t<div class=\"elementor-element elementor-element-96ee407 elementor-widget__width-auto elementor-widget elementor-widget-button\" data-id=\"96ee407\" data-element_type=\"widget\" data-e-type=\"widget\" data-widget_type=\"button.default\">\n\t\t\t\t<div class=\"elementor-widget-container\">\n\t\t\t\t\t\t\t\t\t<div class=\"elementor-button-wrapper\">\n\t\t\t\t\t<a class=\"elementor-button elementor-button-link elementor-size-xs\" href=\"https:\/\/naturpiedra.com\/es\/areniscas\/\" id=\"showme\">\n\t\t\t\t\t\t<span class=\"elementor-button-content-wrapper\">\n\t\t\t\t\t\t\t\t\t<span class=\"elementor-button-text\">Areniscas<\/span>\n\t\t\t\t\t<\/span>\n\t\t\t\t\t<\/a>\n\t\t\t\t<\/div>\n\t\t\t\t\t\t\t\t<\/div>\n\t\t\t\t<\/div>\n\t\t\t\t<div class=\"elementor-element elementor-element-6efeb36 elementor-widget__width-auto elementor-widget elementor-widget-button\" data-id=\"6efeb36\" data-element_type=\"widget\" data-e-type=\"widget\" data-widget_type=\"button.default\">\n\t\t\t\t<div class=\"elementor-widget-container\">\n\t\t\t\t\t\t\t\t\t<div class=\"elementor-button-wrapper\">\n\t\t\t\t\t<a class=\"elementor-button elementor-button-link elementor-size-xs\" href=\"https:\/\/naturpiedra.com\/es\/granito-y-basalto\/\" id=\"showme\">\n\t\t\t\t\t\t<span class=\"elementor-button-content-wrapper\">\n\t\t\t\t\t\t\t\t\t<span class=\"elementor-button-text\">Granito y Basalto<\/span>\n\t\t\t\t\t<\/span>\n\t\t\t\t\t<\/a>\n\t\t\t\t<\/div>\n\t\t\t\t\t\t\t\t<\/div>\n\t\t\t\t<\/div>\n\t\t\t\t<div class=\"elementor-element elementor-element-52e2c15 elementor-widget__width-auto elementor-widget elementor-widget-button\" data-id=\"52e2c15\" data-element_type=\"widget\" data-e-type=\"widget\" data-widget_type=\"button.default\">\n\t\t\t\t<div class=\"elementor-widget-container\">\n\t\t\t\t\t\t\t\t\t<div class=\"elementor-button-wrapper\">\n\t\t\t\t\t<a class=\"elementor-button elementor-size-xs\" role=\"button\" id=\"showme\">\n\t\t\t\t\t\t<span class=\"elementor-button-content-wrapper\">\n\t\t\t\t\t\t\t\t\t<span class=\"elementor-button-text\">Travertino y M\u00e1rmoles<\/span>\n\t\t\t\t\t<\/span>\n\t\t\t\t\t<\/a>\n\t\t\t\t<\/div>\n\t\t\t\t\t\t\t\t<\/div>\n\t\t\t\t<\/div>\n\t\t\t\t\t<\/div>\n\t\t<\/div>\n\t\t\t\t\t<\/div>\n\t\t<\/section>\n\t\t\t\t<section class=\"elementor-section elementor-top-section elementor-element elementor-element-cae447d elementor-section-full_width elementor-section-stretched elementor-hidden-desktop elementor-section-height-default elementor-section-height-default\" data-id=\"cae447d\" data-element_type=\"section\" data-e-type=\"section\" data-settings=\"{&quot;stretch_section&quot;:&quot;section-stretched&quot;,&quot;background_background&quot;:&quot;classic&quot;}\">\n\t\t\t\t\t\t<div class=\"elementor-container elementor-column-gap-no\">\n\t\t\t\t\t<div class=\"elementor-column elementor-col-100 elementor-top-column elementor-element elementor-element-e9baf42\" data-id=\"e9baf42\" data-element_type=\"column\" data-e-type=\"column\">\n\t\t\t<div class=\"elementor-widget-wrap elementor-element-populated\">\n\t\t\t\t\t\t<div class=\"elementor-element elementor-element-c739c7c elementor-nav-menu__align-justify elementor-nav-menu--dropdown-none elementor-widget elementor-widget-nav-menu\" data-id=\"c739c7c\" data-element_type=\"widget\" data-e-type=\"widget\" data-settings=\"{&quot;layout&quot;:&quot;horizontal&quot;,&quot;submenu_icon&quot;:{&quot;value&quot;:&quot;&lt;i class=\\&quot;fas fa-caret-down\\&quot; aria-hidden=\\&quot;true\\&quot;&gt;&lt;\\\/i&gt;&quot;,&quot;library&quot;:&quot;fa-solid&quot;}}\" data-widget_type=\"nav-menu.default\">\n\t\t\t\t<div class=\"elementor-widget-container\">\n\t\t\t\t\t\t\t\t<nav aria-label=\"Men\u00fa\" class=\"elementor-nav-menu--main elementor-nav-menu__container elementor-nav-menu--layout-horizontal e--pointer-none\">\n\t\t\t\t<ul id=\"menu-1-c739c7c\" class=\"elementor-nav-menu\"><li class=\"menu-item menu-item-type-post_type menu-item-object-page menu-item-42338\"><a href=\"https:\/\/naturpiedra.com\/es\/pizarras\/\" class=\"elementor-item\">Pizarras y Filitas<\/a><\/li>\n<li class=\"menu-item menu-item-type-post_type menu-item-object-page menu-item-42336\"><a href=\"https:\/\/naturpiedra.com\/es\/cuarcitas\/\" class=\"elementor-item\">Cuarcitas<\/a><\/li>\n<li class=\"menu-item menu-item-type-post_type menu-item-object-page menu-item-42335\"><a href=\"https:\/\/naturpiedra.com\/es\/calizas\/\" class=\"elementor-item\">Calizas<\/a><\/li>\n<li class=\"menu-item menu-item-type-post_type menu-item-object-page menu-item-42334\"><a href=\"https:\/\/naturpiedra.com\/es\/areniscas\/\" class=\"elementor-item\">Areniscas<\/a><\/li>\n<li class=\"menu-item menu-item-type-post_type menu-item-object-page menu-item-42337\"><a href=\"https:\/\/naturpiedra.com\/es\/granito-y-basalto\/\" class=\"elementor-item\">Granito y Basalto<\/a><\/li>\n<li class=\"menu-item menu-item-type-post_type menu-item-object-page menu-item-42339\"><a href=\"https:\/\/naturpiedra.com\/es\/travertino-y-marmoles\/\" class=\"elementor-item\">Travertino y M\u00e1rmoles<\/a><\/li>\n<\/ul>\t\t\t<\/nav>\n\t\t\t\t\t\t<nav class=\"elementor-nav-menu--dropdown elementor-nav-menu__container\" aria-hidden=\"true\">\n\t\t\t\t<ul id=\"menu-2-c739c7c\" class=\"elementor-nav-menu\"><li class=\"menu-item menu-item-type-post_type menu-item-object-page menu-item-42338\"><a href=\"https:\/\/naturpiedra.com\/es\/pizarras\/\" class=\"elementor-item\" tabindex=\"-1\">Pizarras y Filitas<\/a><\/li>\n<li class=\"menu-item menu-item-type-post_type menu-item-object-page menu-item-42336\"><a href=\"https:\/\/naturpiedra.com\/es\/cuarcitas\/\" class=\"elementor-item\" tabindex=\"-1\">Cuarcitas<\/a><\/li>\n<li class=\"menu-item menu-item-type-post_type menu-item-object-page menu-item-42335\"><a href=\"https:\/\/naturpiedra.com\/es\/calizas\/\" class=\"elementor-item\" tabindex=\"-1\">Calizas<\/a><\/li>\n<li class=\"menu-item menu-item-type-post_type menu-item-object-page menu-item-42334\"><a href=\"https:\/\/naturpiedra.com\/es\/areniscas\/\" class=\"elementor-item\" tabindex=\"-1\">Areniscas<\/a><\/li>\n<li class=\"menu-item menu-item-type-post_type menu-item-object-page menu-item-42337\"><a href=\"https:\/\/naturpiedra.com\/es\/granito-y-basalto\/\" class=\"elementor-item\" tabindex=\"-1\">Granito y Basalto<\/a><\/li>\n<li class=\"menu-item menu-item-type-post_type menu-item-object-page menu-item-42339\"><a href=\"https:\/\/naturpiedra.com\/es\/travertino-y-marmoles\/\" class=\"elementor-item\" tabindex=\"-1\">Travertino y M\u00e1rmoles<\/a><\/li>\n<\/ul>\t\t\t<\/nav>\n\t\t\t\t\t\t<\/div>\n\t\t\t\t<\/div>\n\t\t\t\t\t<\/div>\n\t\t<\/div>\n\t\t\t\t\t<\/div>\n\t\t<\/section>\n\t\t\t\t<section class=\"elementor-section elementor-top-section elementor-element elementor-element-0a4ee92 elementor-section-boxed elementor-section-height-default elementor-section-height-default\" data-id=\"0a4ee92\" data-element_type=\"section\" data-e-type=\"section\">\n\t\t\t\t\t\t<div class=\"elementor-container elementor-column-gap-default\">\n\t\t\t\t\t<div class=\"elementor-column elementor-col-100 elementor-top-column elementor-element elementor-element-e55f783\" data-id=\"e55f783\" data-element_type=\"column\" data-e-type=\"column\">\n\t\t\t<div class=\"elementor-widget-wrap elementor-element-populated\">\n\t\t\t\t\t\t<div class=\"elementor-element elementor-element-c1ad9c5 elementor-widget elementor-widget-jet-listing-grid\" data-id=\"c1ad9c5\" data-element_type=\"widget\" data-e-type=\"widget\" data-settings=\"{&quot;columns_tablet&quot;:&quot;2&quot;,&quot;columns_mobile&quot;:&quot;1&quot;,&quot;columns&quot;:3}\" data-widget_type=\"jet-listing-grid.default\">\n\t\t\t\t<div class=\"elementor-widget-container\">\n\t\t\t\t\t<div class=\"jet-listing-grid jet-listing-grid--lazy-load jet-listing jet-listing-grid-loading\" data-lazy-load=\"{&quot;offset&quot;:&quot;0px&quot;,&quot;post_id&quot;:40857,&quot;queried_id&quot;:&quot;40857|WP_Post&quot;}\"><div class=\"jet-listing-grid__loader\"><div class=\"jet-listing-grid__loader-spinner\"><\/div><\/div><\/div>\t\t\t\t<\/div>\n\t\t\t\t<\/div>\n\t\t\t\t\t<\/div>\n\t\t<\/div>\n\t\t\t\t\t<\/div>\n\t\t<\/section>\n\t\t\t\t<section class=\"elementor-section elementor-top-section elementor-element elementor-element-d9ab6df elementor-section-boxed elementor-section-height-default elementor-section-height-default\" data-id=\"d9ab6df\" data-element_type=\"section\" data-e-type=\"section\">\n\t\t\t\t\t\t<div class=\"elementor-container elementor-column-gap-default\">\n\t\t\t\t\t<div class=\"elementor-column elementor-col-100 elementor-top-column elementor-element elementor-element-6539a05\" data-id=\"6539a05\" data-element_type=\"column\" data-e-type=\"column\">\n\t\t\t<div class=\"elementor-widget-wrap elementor-element-populated\">\n\t\t\t\t\t\t<div class=\"elementor-element elementor-element-d1c1eed elementor-widget elementor-widget-heading\" data-id=\"d1c1eed\" data-element_type=\"widget\" data-e-type=\"widget\" data-widget_type=\"heading.default\">\n\t\t\t\t<div class=\"elementor-widget-container\">\n\t\t\t\t\t<h1 class=\"elementor-heading-title elementor-size-default\">Travertino y m\u00e1rmoles<\/h1>\t\t\t\t<\/div>\n\t\t\t\t<\/div>\n\t\t\t\t\t<\/div>\n\t\t<\/div>\n\t\t\t\t\t<\/div>\n\t\t<\/section>\n\t\t\t\t<section class=\"elementor-section elementor-top-section elementor-element elementor-element-051951e elementor-section-boxed elementor-section-height-default elementor-section-height-default\" data-id=\"051951e\" data-element_type=\"section\" data-e-type=\"section\">\n\t\t\t\t\t\t<div class=\"elementor-container elementor-column-gap-default\">\n\t\t\t\t\t<div class=\"elementor-column elementor-col-100 elementor-top-column elementor-element elementor-element-01918e4\" data-id=\"01918e4\" data-element_type=\"column\" data-e-type=\"column\">\n\t\t\t<div class=\"elementor-widget-wrap elementor-element-populated\">\n\t\t\t\t\t\t<div class=\"elementor-element elementor-element-fb539ff elementor-widget elementor-widget-text-editor\" data-id=\"fb539ff\" data-element_type=\"widget\" data-e-type=\"widget\" data-widget_type=\"text-editor.default\">\n\t\t\t\t<div class=\"elementor-widget-container\">\n\t\t\t\t\t\t\t\t\t<p align=\"justify\">Entre los materiales de la gama Naturpiedra, no pod\u00edan faltar m\u00e1rmoles y travertinos. Estos materiales siempre han sido sin\u00f3nimo de calidad, lujo y distinci\u00f3n, utilizados desde la antig\u00fcedad como roca ornamental, en las zonas nobles de los edificios m\u00e1s prestigiosos, como por ejemplo la mayor parte de monumentos e iglesias de la antigua Roma est\u00e1n construidos con travertino y m\u00e1rmol.<\/p><p align=\"justify\">Travertino es la denominaci\u00f3n de una roca sedimentaria, formada por dep\u00f3sitos de carbonato de calcio (por ejemplo, calcita, aragonito y limonita), de capas paralelas con peque\u00f1as cavidades o coqueras (t\u00edpicas en todo travertino), de colores claros: amarillo, caf\u00e9, blanco; y de aspecto suave y agradable.<\/p><p align=\"justify\">El m\u00e1rmol es una roca metam\u00f3rfica compacta, formada a partir de rocas calizas que, al ser sometidas a elevada temperatura y presi\u00f3n, alcanzan un alto grado de cristalizaci\u00f3n. Esta marcada cristalizaci\u00f3n de sus minerales, confiere al m\u00e1rmol un alto nivel de brillo natural tras el pulido por abrasi\u00f3n; y pese a su gran dureza, permite moldearlo con las herramientas adecuadas. Compuestos principalmente de carbonato c\u00e1lcico, los m\u00e1rmoles pueden encontrarse en una gran diversidad de colores, veteados y matices. Ofreciendo una ampl\u00edsima variedad de soluciones decorativas. Adem\u00e1s de ser muy utilizado en construcci\u00f3n, tambi\u00e9n es extendido su uso para decoraci\u00f3n y escultura, gracias a las caracter\u00edsticas descritas.<\/p><p align=\"justify\">Gracias a la experiencia adquirida, a trav\u00e9s de las numerosas obras ejecutadas con m\u00e1rmoles y travertinos por los equipos de colocaci\u00f3n de Naturpiedra, ofrecemos una amplia gama de este tipo de productos, de canteras colaboradoras nacionales y de importaci\u00f3n. Ofreciendo baldosas de diversos acabados (pulidos, envejecidos con cepillo abrasivo o tambor, apomazados, abujardados), que se adaptan a todo tipo de colocaciones: revestimientos y solados exteriores e interiores, fachadas ventiladas; destacando su uso en ambientes especiales como pueden ser los cuartos de ba\u00f1o, halls de entrada, escaleras, encimeras o playas y bordes de piscina. Obras que implementan la calidad de sus acabados con el elegante toque del m\u00e1rmol o travertino.<\/p>\t\t\t\t\t\t\t\t<\/div>\n\t\t\t\t<\/div>\n\t\t\t\t\t<\/div>\n\t\t<\/div>\n\t\t\t\t\t<\/div>\n\t\t<\/section>\n\t\t\t\t<\/div>\n\t\t","protected":false},"excerpt":{"rendered":"<p>Pizarras y Filitas Cuarcitas Calizas Areniscas Granito y Basalto Travertino y M\u00e1rmoles Travertino y m\u00e1rmoles Entre los materiales de la gama Naturpiedra, no pod\u00edan faltar m\u00e1rmoles y travertinos. Estos materiales siempre han sido sin\u00f3nimo de calidad, lujo y distinci\u00f3n, utilizados desde la antig\u00fcedad como roca ornamental, en las zonas nobles de los edificios m\u00e1s prestigiosos, [&hellip;]<\/p>\n","protected":false},"author":2,"featured_media":0,"parent":0,"menu_order":0,"comment_status":"closed","ping_status":"open","template":"","meta":{"inline_featured_image":false,"footnotes":""},"class_list":["post-40857","page","type-page","status-publish","hentry"],"yoast_head":"<!-- This site is optimized with the Yoast SEO plugin v27.4 - https:\/\/yoast.com\/product\/yoast-seo-wordpress\/ -->\n<title>Tipolog\u00eda - Travertino y M\u00e1rmoles - naturpiedra JBERNARDOS<\/title>\n<meta name=\"robots\" content=\"index, follow, max-snippet:-1, max-image-preview:large, max-video-preview:-1\" \/>\n<link rel=\"canonical\" href=\"https:\/\/naturpiedra.com\/es\/travertino-y-marmoles\/\" \/>\n<meta property=\"og:locale\" content=\"es_ES\" \/>\n<meta property=\"og:type\" content=\"article\" \/>\n<meta property=\"og:title\" content=\"Tipolog\u00eda - Travertino y M\u00e1rmoles - naturpiedra JBERNARDOS\" \/>\n<meta property=\"og:description\" content=\"Pizarras y Filitas Cuarcitas Calizas Areniscas Granito y Basalto Travertino y M\u00e1rmoles Travertino y m\u00e1rmoles Entre los materiales de la gama Naturpiedra, no pod\u00edan faltar m\u00e1rmoles y travertinos. Estos materiales siempre han sido sin\u00f3nimo de calidad, lujo y distinci\u00f3n, utilizados desde la antig\u00fcedad como roca ornamental, en las zonas nobles de los edificios m\u00e1s prestigiosos, [&hellip;]\" \/>\n<meta property=\"og:url\" content=\"https:\/\/naturpiedra.com\/es\/travertino-y-marmoles\/\" \/>\n<meta property=\"og:site_name\" content=\"naturpiedra JBERNARDOS\" \/>\n<meta property=\"article:modified_time\" content=\"2023-06-06T21:43:40+00:00\" \/>\n<meta name=\"twitter:card\" content=\"summary_large_image\" \/>\n<meta name=\"twitter:label1\" content=\"Tiempo de lectura\" \/>\n\t<meta name=\"twitter:data1\" content=\"9 minutos\" \/>\n<script type=\"application\/ld+json\" class=\"yoast-schema-graph\">{\"@context\":\"https:\\\/\\\/schema.org\",\"@graph\":[{\"@type\":\"WebPage\",\"@id\":\"https:\\\/\\\/naturpiedra.com\\\/es\\\/travertino-y-marmoles\\\/\",\"url\":\"https:\\\/\\\/naturpiedra.com\\\/es\\\/travertino-y-marmoles\\\/\",\"name\":\"Tipolog\u00eda - Travertino y M\u00e1rmoles - naturpiedra JBERNARDOS\",\"isPartOf\":{\"@id\":\"https:\\\/\\\/naturpiedra.com\\\/es\\\/#website\"},\"datePublished\":\"2023-01-20T12:06:51+00:00\",\"dateModified\":\"2023-06-06T21:43:40+00:00\",\"breadcrumb\":{\"@id\":\"https:\\\/\\\/naturpiedra.com\\\/es\\\/travertino-y-marmoles\\\/#breadcrumb\"},\"inLanguage\":\"es\",\"potentialAction\":[{\"@type\":\"ReadAction\",\"target\":[\"https:\\\/\\\/naturpiedra.com\\\/es\\\/travertino-y-marmoles\\\/\"]}]},{\"@type\":\"BreadcrumbList\",\"@id\":\"https:\\\/\\\/naturpiedra.com\\\/es\\\/travertino-y-marmoles\\\/#breadcrumb\",\"itemListElement\":[{\"@type\":\"ListItem\",\"position\":1,\"name\":\"Portada\",\"item\":\"https:\\\/\\\/naturpiedra.com\\\/es\\\/\"},{\"@type\":\"ListItem\",\"position\":2,\"name\":\"Tipolog\u00eda &#8211; Travertino y M\u00e1rmoles\"}]},{\"@type\":\"WebSite\",\"@id\":\"https:\\\/\\\/naturpiedra.com\\\/es\\\/#website\",\"url\":\"https:\\\/\\\/naturpiedra.com\\\/es\\\/\",\"name\":\"naturpiedra JBERNARDOS\",\"description\":\"| Suministro y Colocaci\u00f3n de Piedra Natural\",\"publisher\":{\"@id\":\"https:\\\/\\\/naturpiedra.com\\\/es\\\/#organization\"},\"potentialAction\":[{\"@type\":\"SearchAction\",\"target\":{\"@type\":\"EntryPoint\",\"urlTemplate\":\"https:\\\/\\\/naturpiedra.com\\\/es\\\/?s={search_term_string}\"},\"query-input\":{\"@type\":\"PropertyValueSpecification\",\"valueRequired\":true,\"valueName\":\"search_term_string\"}}],\"inLanguage\":\"es\"},{\"@type\":\"Organization\",\"@id\":\"https:\\\/\\\/naturpiedra.com\\\/es\\\/#organization\",\"name\":\"naturpiedra JBERNARDOS\",\"url\":\"https:\\\/\\\/naturpiedra.com\\\/es\\\/\",\"logo\":{\"@type\":\"ImageObject\",\"inLanguage\":\"es\",\"@id\":\"https:\\\/\\\/naturpiedra.com\\\/es\\\/#\\\/schema\\\/logo\\\/image\\\/\",\"url\":\"https:\\\/\\\/naturpiedra.com\\\/es\\\/wp-content\\\/uploads\\\/2022\\\/09\\\/logo-naturpiedra.png\",\"contentUrl\":\"https:\\\/\\\/naturpiedra.com\\\/es\\\/wp-content\\\/uploads\\\/2022\\\/09\\\/logo-naturpiedra.png\",\"width\":265,\"height\":50,\"caption\":\"naturpiedra JBERNARDOS\"},\"image\":{\"@id\":\"https:\\\/\\\/naturpiedra.com\\\/es\\\/#\\\/schema\\\/logo\\\/image\\\/\"}}]}<\/script>\n<!-- \/ Yoast SEO plugin. -->","yoast_head_json":{"title":"Tipolog\u00eda - Travertino y M\u00e1rmoles - naturpiedra JBERNARDOS","robots":{"index":"index","follow":"follow","max-snippet":"max-snippet:-1","max-image-preview":"max-image-preview:large","max-video-preview":"max-video-preview:-1"},"canonical":"https:\/\/naturpiedra.com\/es\/travertino-y-marmoles\/","og_locale":"es_ES","og_type":"article","og_title":"Tipolog\u00eda - Travertino y M\u00e1rmoles - naturpiedra JBERNARDOS","og_description":"Pizarras y Filitas Cuarcitas Calizas Areniscas Granito y Basalto Travertino y M\u00e1rmoles Travertino y m\u00e1rmoles Entre los materiales de la gama Naturpiedra, no pod\u00edan faltar m\u00e1rmoles y travertinos. Estos materiales siempre han sido sin\u00f3nimo de calidad, lujo y distinci\u00f3n, utilizados desde la antig\u00fcedad como roca ornamental, en las zonas nobles de los edificios m\u00e1s prestigiosos, [&hellip;]","og_url":"https:\/\/naturpiedra.com\/es\/travertino-y-marmoles\/","og_site_name":"naturpiedra JBERNARDOS","article_modified_time":"2023-06-06T21:43:40+00:00","twitter_card":"summary_large_image","twitter_misc":{"Tiempo de lectura":"9 minutos"},"schema":{"@context":"https:\/\/schema.org","@graph":[{"@type":"WebPage","@id":"https:\/\/naturpiedra.com\/es\/travertino-y-marmoles\/","url":"https:\/\/naturpiedra.com\/es\/travertino-y-marmoles\/","name":"Tipolog\u00eda - Travertino y M\u00e1rmoles - naturpiedra JBERNARDOS","isPartOf":{"@id":"https:\/\/naturpiedra.com\/es\/#website"},"datePublished":"2023-01-20T12:06:51+00:00","dateModified":"2023-06-06T21:43:40+00:00","breadcrumb":{"@id":"https:\/\/naturpiedra.com\/es\/travertino-y-marmoles\/#breadcrumb"},"inLanguage":"es","potentialAction":[{"@type":"ReadAction","target":["https:\/\/naturpiedra.com\/es\/travertino-y-marmoles\/"]}]},{"@type":"BreadcrumbList","@id":"https:\/\/naturpiedra.com\/es\/travertino-y-marmoles\/#breadcrumb","itemListElement":[{"@type":"ListItem","position":1,"name":"Portada","item":"https:\/\/naturpiedra.com\/es\/"},{"@type":"ListItem","position":2,"name":"Tipolog\u00eda &#8211; Travertino y M\u00e1rmoles"}]},{"@type":"WebSite","@id":"https:\/\/naturpiedra.com\/es\/#website","url":"https:\/\/naturpiedra.com\/es\/","name":"naturpiedra JBERNARDOS","description":"| Suministro y Colocaci\u00f3n de Piedra Natural","publisher":{"@id":"https:\/\/naturpiedra.com\/es\/#organization"},"potentialAction":[{"@type":"SearchAction","target":{"@type":"EntryPoint","urlTemplate":"https:\/\/naturpiedra.com\/es\/?s={search_term_string}"},"query-input":{"@type":"PropertyValueSpecification","valueRequired":true,"valueName":"search_term_string"}}],"inLanguage":"es"},{"@type":"Organization","@id":"https:\/\/naturpiedra.com\/es\/#organization","name":"naturpiedra JBERNARDOS","url":"https:\/\/naturpiedra.com\/es\/","logo":{"@type":"ImageObject","inLanguage":"es","@id":"https:\/\/naturpiedra.com\/es\/#\/schema\/logo\/image\/","url":"https:\/\/naturpiedra.com\/es\/wp-content\/uploads\/2022\/09\/logo-naturpiedra.png","contentUrl":"https:\/\/naturpiedra.com\/es\/wp-content\/uploads\/2022\/09\/logo-naturpiedra.png","width":265,"height":50,"caption":"naturpiedra JBERNARDOS"},"image":{"@id":"https:\/\/naturpiedra.com\/es\/#\/schema\/logo\/image\/"}}]}},"lang":"es","translations":{"es":40857,"en":59223},"pll_sync_post":[],"_links":{"self":[{"href":"https:\/\/naturpiedra.com\/es\/wp-json\/wp\/v2\/pages\/40857","targetHints":{"allow":["GET"]}}],"collection":[{"href":"https:\/\/naturpiedra.com\/es\/wp-json\/wp\/v2\/pages"}],"about":[{"href":"https:\/\/naturpiedra.com\/es\/wp-json\/wp\/v2\/types\/page"}],"author":[{"embeddable":true,"href":"https:\/\/naturpiedra.com\/es\/wp-json\/wp\/v2\/users\/2"}],"replies":[{"embeddable":true,"href":"https:\/\/naturpiedra.com\/es\/wp-json\/wp\/v2\/comments?post=40857"}],"version-history":[{"count":3,"href":"https:\/\/naturpiedra.com\/es\/wp-json\/wp\/v2\/pages\/40857\/revisions"}],"predecessor-version":[{"id":62372,"href":"https:\/\/naturpiedra.com\/es\/wp-json\/wp\/v2\/pages\/40857\/revisions\/62372"}],"wp:attachment":[{"href":"https:\/\/naturpiedra.com\/es\/wp-json\/wp\/v2\/media?parent=40857"}],"curies":[{"name":"wp","href":"https:\/\/api.w.org\/{rel}","templated":true}]}}