{"id":40838,"date":"2023-01-20T11:56:37","date_gmt":"2023-01-20T11:56:37","guid":{"rendered":"https:\/\/naturpiedra.com\/es\/?page_id=40838"},"modified":"2023-06-06T21:42:30","modified_gmt":"2023-06-06T21:42:30","slug":"areniscas","status":"publish","type":"page","link":"https:\/\/naturpiedra.com\/es\/areniscas\/","title":{"rendered":"Tipolog\u00eda &#8211; Areniscas"},"content":{"rendered":"\t\t<div data-elementor-type=\"wp-page\" data-elementor-id=\"40838\" class=\"elementor elementor-40838\" data-elementor-post-type=\"page\">\n\t\t\t\t\t\t<section class=\"elementor-section elementor-top-section elementor-element elementor-element-300b9f0 elementor-hidden-tablet elementor-hidden-mobile elementor-section-boxed elementor-section-height-default elementor-section-height-default\" data-id=\"300b9f0\" data-element_type=\"section\" data-e-type=\"section\">\n\t\t\t\t\t\t<div class=\"elementor-container elementor-column-gap-default\">\n\t\t\t\t\t<div class=\"elementor-column elementor-col-100 elementor-top-column elementor-element elementor-element-346553a\" data-id=\"346553a\" data-element_type=\"column\" data-e-type=\"column\">\n\t\t\t<div class=\"elementor-widget-wrap elementor-element-populated\">\n\t\t\t\t\t\t<div class=\"elementor-element elementor-element-f96865f elementor-widget__width-auto elementor-widget elementor-widget-button\" data-id=\"f96865f\" data-element_type=\"widget\" data-e-type=\"widget\" data-widget_type=\"button.default\">\n\t\t\t\t<div class=\"elementor-widget-container\">\n\t\t\t\t\t\t\t\t\t<div class=\"elementor-button-wrapper\">\n\t\t\t\t\t<a class=\"elementor-button elementor-button-link elementor-size-xs\" href=\"https:\/\/naturpiedra.com\/es\/pizarras\/\">\n\t\t\t\t\t\t<span class=\"elementor-button-content-wrapper\">\n\t\t\t\t\t\t\t\t\t<span class=\"elementor-button-text\">Pizarras y Filitas<\/span>\n\t\t\t\t\t<\/span>\n\t\t\t\t\t<\/a>\n\t\t\t\t<\/div>\n\t\t\t\t\t\t\t\t<\/div>\n\t\t\t\t<\/div>\n\t\t\t\t<div class=\"elementor-element elementor-element-7871ad6 elementor-widget__width-auto elementor-widget elementor-widget-button\" data-id=\"7871ad6\" data-element_type=\"widget\" data-e-type=\"widget\" data-widget_type=\"button.default\">\n\t\t\t\t<div class=\"elementor-widget-container\">\n\t\t\t\t\t\t\t\t\t<div class=\"elementor-button-wrapper\">\n\t\t\t\t\t<a class=\"elementor-button elementor-button-link elementor-size-xs\" href=\"https:\/\/naturpiedra.com\/es\/pizarras\/\">\n\t\t\t\t\t\t<span class=\"elementor-button-content-wrapper\">\n\t\t\t\t\t\t\t\t\t<span class=\"elementor-button-text\">Cuarcitas<\/span>\n\t\t\t\t\t<\/span>\n\t\t\t\t\t<\/a>\n\t\t\t\t<\/div>\n\t\t\t\t\t\t\t\t<\/div>\n\t\t\t\t<\/div>\n\t\t\t\t<div class=\"elementor-element elementor-element-651e2bc elementor-widget__width-auto elementor-widget elementor-widget-button\" data-id=\"651e2bc\" data-element_type=\"widget\" data-e-type=\"widget\" data-widget_type=\"button.default\">\n\t\t\t\t<div class=\"elementor-widget-container\">\n\t\t\t\t\t\t\t\t\t<div class=\"elementor-button-wrapper\">\n\t\t\t\t\t<a class=\"elementor-button elementor-button-link elementor-size-xs\" href=\"https:\/\/naturpiedra.com\/es\/calizas\/\">\n\t\t\t\t\t\t<span class=\"elementor-button-content-wrapper\">\n\t\t\t\t\t\t\t\t\t<span class=\"elementor-button-text\">Calizas<\/span>\n\t\t\t\t\t<\/span>\n\t\t\t\t\t<\/a>\n\t\t\t\t<\/div>\n\t\t\t\t\t\t\t\t<\/div>\n\t\t\t\t<\/div>\n\t\t\t\t<div class=\"elementor-element elementor-element-0e95d02 elementor-widget__width-auto elementor-widget elementor-widget-button\" data-id=\"0e95d02\" data-element_type=\"widget\" data-e-type=\"widget\" data-widget_type=\"button.default\">\n\t\t\t\t<div class=\"elementor-widget-container\">\n\t\t\t\t\t\t\t\t\t<div class=\"elementor-button-wrapper\">\n\t\t\t\t\t<a class=\"elementor-button elementor-size-xs\" role=\"button\" id=\"showme\">\n\t\t\t\t\t\t<span class=\"elementor-button-content-wrapper\">\n\t\t\t\t\t\t\t\t\t<span class=\"elementor-button-text\">Areniscas<\/span>\n\t\t\t\t\t<\/span>\n\t\t\t\t\t<\/a>\n\t\t\t\t<\/div>\n\t\t\t\t\t\t\t\t<\/div>\n\t\t\t\t<\/div>\n\t\t\t\t<div class=\"elementor-element elementor-element-bacb85a elementor-widget__width-auto elementor-widget elementor-widget-button\" data-id=\"bacb85a\" data-element_type=\"widget\" data-e-type=\"widget\" data-widget_type=\"button.default\">\n\t\t\t\t<div class=\"elementor-widget-container\">\n\t\t\t\t\t\t\t\t\t<div class=\"elementor-button-wrapper\">\n\t\t\t\t\t<a class=\"elementor-button elementor-button-link elementor-size-xs\" href=\"https:\/\/naturpiedra.com\/es\/granito-y-basalto\/\" id=\"showme\">\n\t\t\t\t\t\t<span class=\"elementor-button-content-wrapper\">\n\t\t\t\t\t\t\t\t\t<span class=\"elementor-button-text\">Granito y Basalto<\/span>\n\t\t\t\t\t<\/span>\n\t\t\t\t\t<\/a>\n\t\t\t\t<\/div>\n\t\t\t\t\t\t\t\t<\/div>\n\t\t\t\t<\/div>\n\t\t\t\t<div class=\"elementor-element elementor-element-646a4da elementor-widget__width-auto elementor-widget elementor-widget-button\" data-id=\"646a4da\" data-element_type=\"widget\" data-e-type=\"widget\" data-widget_type=\"button.default\">\n\t\t\t\t<div class=\"elementor-widget-container\">\n\t\t\t\t\t\t\t\t\t<div class=\"elementor-button-wrapper\">\n\t\t\t\t\t<a class=\"elementor-button elementor-button-link elementor-size-xs\" href=\"https:\/\/naturpiedra.com\/es\/travertino-y-marmoles\/\" id=\"showme\">\n\t\t\t\t\t\t<span class=\"elementor-button-content-wrapper\">\n\t\t\t\t\t\t\t\t\t<span class=\"elementor-button-text\">Travertino y M\u00e1rmoles<\/span>\n\t\t\t\t\t<\/span>\n\t\t\t\t\t<\/a>\n\t\t\t\t<\/div>\n\t\t\t\t\t\t\t\t<\/div>\n\t\t\t\t<\/div>\n\t\t\t\t\t<\/div>\n\t\t<\/div>\n\t\t\t\t\t<\/div>\n\t\t<\/section>\n\t\t\t\t<section class=\"elementor-section elementor-top-section elementor-element elementor-element-621fcae elementor-section-full_width elementor-section-stretched elementor-hidden-desktop elementor-section-height-default elementor-section-height-default\" data-id=\"621fcae\" data-element_type=\"section\" data-e-type=\"section\" data-settings=\"{&quot;stretch_section&quot;:&quot;section-stretched&quot;,&quot;background_background&quot;:&quot;classic&quot;}\">\n\t\t\t\t\t\t<div class=\"elementor-container elementor-column-gap-no\">\n\t\t\t\t\t<div class=\"elementor-column elementor-col-100 elementor-top-column elementor-element elementor-element-c8b555a\" data-id=\"c8b555a\" data-element_type=\"column\" data-e-type=\"column\">\n\t\t\t<div class=\"elementor-widget-wrap elementor-element-populated\">\n\t\t\t\t\t\t<div class=\"elementor-element elementor-element-149bdb7 elementor-nav-menu__align-justify elementor-nav-menu--dropdown-none elementor-widget elementor-widget-nav-menu\" data-id=\"149bdb7\" data-element_type=\"widget\" data-e-type=\"widget\" data-settings=\"{&quot;layout&quot;:&quot;horizontal&quot;,&quot;submenu_icon&quot;:{&quot;value&quot;:&quot;&lt;i class=\\&quot;fas fa-caret-down\\&quot; aria-hidden=\\&quot;true\\&quot;&gt;&lt;\\\/i&gt;&quot;,&quot;library&quot;:&quot;fa-solid&quot;}}\" data-widget_type=\"nav-menu.default\">\n\t\t\t\t<div class=\"elementor-widget-container\">\n\t\t\t\t\t\t\t\t<nav aria-label=\"Men\u00fa\" class=\"elementor-nav-menu--main elementor-nav-menu__container elementor-nav-menu--layout-horizontal e--pointer-none\">\n\t\t\t\t<ul id=\"menu-1-149bdb7\" class=\"elementor-nav-menu\"><li class=\"menu-item menu-item-type-post_type menu-item-object-page menu-item-42338\"><a href=\"https:\/\/naturpiedra.com\/es\/pizarras\/\" class=\"elementor-item\">Pizarras y Filitas<\/a><\/li>\n<li class=\"menu-item menu-item-type-post_type menu-item-object-page menu-item-42336\"><a href=\"https:\/\/naturpiedra.com\/es\/cuarcitas\/\" class=\"elementor-item\">Cuarcitas<\/a><\/li>\n<li class=\"menu-item menu-item-type-post_type menu-item-object-page menu-item-42335\"><a href=\"https:\/\/naturpiedra.com\/es\/calizas\/\" class=\"elementor-item\">Calizas<\/a><\/li>\n<li class=\"menu-item menu-item-type-post_type menu-item-object-page menu-item-42334\"><a href=\"https:\/\/naturpiedra.com\/es\/areniscas\/\" class=\"elementor-item\">Areniscas<\/a><\/li>\n<li class=\"menu-item menu-item-type-post_type menu-item-object-page menu-item-42337\"><a href=\"https:\/\/naturpiedra.com\/es\/granito-y-basalto\/\" class=\"elementor-item\">Granito y Basalto<\/a><\/li>\n<li class=\"menu-item menu-item-type-post_type menu-item-object-page menu-item-42339\"><a href=\"https:\/\/naturpiedra.com\/es\/travertino-y-marmoles\/\" class=\"elementor-item\">Travertino y M\u00e1rmoles<\/a><\/li>\n<\/ul>\t\t\t<\/nav>\n\t\t\t\t\t\t<nav class=\"elementor-nav-menu--dropdown elementor-nav-menu__container\" aria-hidden=\"true\">\n\t\t\t\t<ul id=\"menu-2-149bdb7\" class=\"elementor-nav-menu\"><li class=\"menu-item menu-item-type-post_type menu-item-object-page menu-item-42338\"><a href=\"https:\/\/naturpiedra.com\/es\/pizarras\/\" class=\"elementor-item\" tabindex=\"-1\">Pizarras y Filitas<\/a><\/li>\n<li class=\"menu-item menu-item-type-post_type menu-item-object-page menu-item-42336\"><a href=\"https:\/\/naturpiedra.com\/es\/cuarcitas\/\" class=\"elementor-item\" tabindex=\"-1\">Cuarcitas<\/a><\/li>\n<li class=\"menu-item menu-item-type-post_type menu-item-object-page menu-item-42335\"><a href=\"https:\/\/naturpiedra.com\/es\/calizas\/\" class=\"elementor-item\" tabindex=\"-1\">Calizas<\/a><\/li>\n<li class=\"menu-item menu-item-type-post_type menu-item-object-page menu-item-42334\"><a href=\"https:\/\/naturpiedra.com\/es\/areniscas\/\" class=\"elementor-item\" tabindex=\"-1\">Areniscas<\/a><\/li>\n<li class=\"menu-item menu-item-type-post_type menu-item-object-page menu-item-42337\"><a href=\"https:\/\/naturpiedra.com\/es\/granito-y-basalto\/\" class=\"elementor-item\" tabindex=\"-1\">Granito y Basalto<\/a><\/li>\n<li class=\"menu-item menu-item-type-post_type menu-item-object-page menu-item-42339\"><a href=\"https:\/\/naturpiedra.com\/es\/travertino-y-marmoles\/\" class=\"elementor-item\" tabindex=\"-1\">Travertino y M\u00e1rmoles<\/a><\/li>\n<\/ul>\t\t\t<\/nav>\n\t\t\t\t\t\t<\/div>\n\t\t\t\t<\/div>\n\t\t\t\t\t<\/div>\n\t\t<\/div>\n\t\t\t\t\t<\/div>\n\t\t<\/section>\n\t\t\t\t<section class=\"elementor-section elementor-top-section elementor-element elementor-element-0a4ee92 elementor-section-boxed elementor-section-height-default elementor-section-height-default\" data-id=\"0a4ee92\" data-element_type=\"section\" data-e-type=\"section\">\n\t\t\t\t\t\t<div class=\"elementor-container elementor-column-gap-default\">\n\t\t\t\t\t<div class=\"elementor-column elementor-col-100 elementor-top-column elementor-element elementor-element-e55f783\" data-id=\"e55f783\" data-element_type=\"column\" data-e-type=\"column\">\n\t\t\t<div class=\"elementor-widget-wrap elementor-element-populated\">\n\t\t\t\t\t\t<div class=\"elementor-element elementor-element-c1ad9c5 elementor-widget elementor-widget-jet-listing-grid\" data-id=\"c1ad9c5\" data-element_type=\"widget\" data-e-type=\"widget\" data-settings=\"{&quot;columns&quot;:3,&quot;columns_tablet&quot;:&quot;2&quot;,&quot;columns_mobile&quot;:&quot;1&quot;}\" data-widget_type=\"jet-listing-grid.default\">\n\t\t\t\t<div class=\"elementor-widget-container\">\n\t\t\t\t\t<div class=\"jet-listing-grid jet-listing-grid--lazy-load jet-listing jet-listing-grid-loading\" data-lazy-load=\"{&quot;offset&quot;:&quot;0px&quot;,&quot;post_id&quot;:40838,&quot;queried_id&quot;:&quot;40838|WP_Post&quot;}\"><div class=\"jet-listing-grid__loader\"><div class=\"jet-listing-grid__loader-spinner\"><\/div><\/div><\/div>\t\t\t\t<\/div>\n\t\t\t\t<\/div>\n\t\t\t\t\t<\/div>\n\t\t<\/div>\n\t\t\t\t\t<\/div>\n\t\t<\/section>\n\t\t\t\t<section class=\"elementor-section elementor-top-section elementor-element elementor-element-d9ab6df elementor-section-boxed elementor-section-height-default elementor-section-height-default\" data-id=\"d9ab6df\" data-element_type=\"section\" data-e-type=\"section\">\n\t\t\t\t\t\t<div class=\"elementor-container elementor-column-gap-default\">\n\t\t\t\t\t<div class=\"elementor-column elementor-col-100 elementor-top-column elementor-element elementor-element-6539a05\" data-id=\"6539a05\" data-element_type=\"column\" data-e-type=\"column\">\n\t\t\t<div class=\"elementor-widget-wrap elementor-element-populated\">\n\t\t\t\t\t\t<div class=\"elementor-element elementor-element-d1c1eed elementor-widget elementor-widget-heading\" data-id=\"d1c1eed\" data-element_type=\"widget\" data-e-type=\"widget\" data-widget_type=\"heading.default\">\n\t\t\t\t<div class=\"elementor-widget-container\">\n\t\t\t\t\t<h1 class=\"elementor-heading-title elementor-size-default\">Areniscas<\/h1>\t\t\t\t<\/div>\n\t\t\t\t<\/div>\n\t\t\t\t\t<\/div>\n\t\t<\/div>\n\t\t\t\t\t<\/div>\n\t\t<\/section>\n\t\t\t\t<section class=\"elementor-section elementor-top-section elementor-element elementor-element-051951e elementor-section-boxed elementor-section-height-default elementor-section-height-default\" data-id=\"051951e\" data-element_type=\"section\" data-e-type=\"section\">\n\t\t\t\t\t\t<div class=\"elementor-container elementor-column-gap-default\">\n\t\t\t\t\t<div class=\"elementor-column elementor-col-100 elementor-top-column elementor-element elementor-element-01918e4\" data-id=\"01918e4\" data-element_type=\"column\" data-e-type=\"column\">\n\t\t\t<div class=\"elementor-widget-wrap elementor-element-populated\">\n\t\t\t\t\t\t<div class=\"elementor-element elementor-element-fb539ff elementor-widget elementor-widget-text-editor\" data-id=\"fb539ff\" data-element_type=\"widget\" data-e-type=\"widget\" data-widget_type=\"text-editor.default\">\n\t\t\t\t<div class=\"elementor-widget-container\">\n\t\t\t\t\t\t\t\t\t<p align=\"justify\">Naturpiedra presenta una amplia gama de productos en piedra natural tipo Arenisca, una de las m\u00e1s utilizadas y apreciadas en construcci\u00f3n.<\/p><p align=\"justify\">La piedra arenisca es una roca sedimentaria, compuesta por granos principalmente de cuarzo, pero tambi\u00e9n de otros numerosos minerales, expuestos a una gran presi\u00f3n, que los compacta y solidifica. La diversa composici\u00f3n de los materiales de la arenisca, determina su color, dureza o porosidad. Siendo un material muy resistente a la corrosi\u00f3n, el desgaste y la erosi\u00f3n. Su composici\u00f3n principalmente de cuarzo la aporta cierto brillo y tono satinado, adem\u00e1s de la suficiente dureza para ser cortada en baldosas, tanto de textura natural como cortadas a disco. Aun siendo un material que cortado a disco resulta perfectamente est\u00e9tico, tambi\u00e9n podemos aplicar acabados a la superficie de la piedra, como abujardado, pulido, envejecidos a tambor, etc.<\/p><p align=\"justify\">Usada en construcci\u00f3n como elemento arquitect\u00f3nico y decorativo, la piedra arenisca ofrece multitud de usos en arquitectura. Utilizada desde la antig\u00fcedad en todo tipo de edificios, las areniscas se utilizan tanto para pavimentar suelos gracias a su dureza, como al revestimiento de paredes gracias a su facilidad para adoptar todo tipo de formas y a sus propiedades aislantes y de durabilidad. Ofrece una gran variedad de modelos y colores, como podemos ver en el cat\u00e1logo de Naturpiedra. Podemos destacar materiales de gran resultado para fachadas ventiladas, como Arenisca Veta o Dorado; para chapados, solados y adoquinados, como Arenisca Pedraza o Arenisca Sirio.<\/p><p align=\"justify\">Ideal para exteriores y lugares h\u00famedos, las vetas coloridas de la arenisca ofrecen multitud de posibilidades decorativas, las areniscas destacan por su excelente calidad y resistencia al fuego. Una cualidad que la convierte en un material adecuado para la construcci\u00f3n, por ejemplo, de chimeneas. Su composici\u00f3n y naturaleza permite trabajar este tipo de material en cualquier tipo de dimensi\u00f3n que podamos imaginar, dando forma a las numerosas ideas decorativas que nos puedan surgir.<\/p>\t\t\t\t\t\t\t\t<\/div>\n\t\t\t\t<\/div>\n\t\t\t\t\t<\/div>\n\t\t<\/div>\n\t\t\t\t\t<\/div>\n\t\t<\/section>\n\t\t\t\t<\/div>\n\t\t","protected":false},"excerpt":{"rendered":"<p>Pizarras y Filitas Cuarcitas Calizas Areniscas Granito y Basalto Travertino y M\u00e1rmoles Areniscas Naturpiedra presenta una amplia gama de productos en piedra natural tipo Arenisca, una de las m\u00e1s utilizadas y apreciadas en construcci\u00f3n. La piedra arenisca es una roca sedimentaria, compuesta por granos principalmente de cuarzo, pero tambi\u00e9n de otros numerosos minerales, expuestos a [&hellip;]<\/p>\n","protected":false},"author":2,"featured_media":0,"parent":0,"menu_order":0,"comment_status":"closed","ping_status":"open","template":"","meta":{"inline_featured_image":false,"footnotes":""},"class_list":["post-40838","page","type-page","status-publish","hentry"],"yoast_head":"<!-- This site is optimized with the Yoast SEO plugin v27.3 - https:\/\/yoast.com\/product\/yoast-seo-wordpress\/ -->\n<title>Tipolog\u00eda - Areniscas - naturpiedra JBERNARDOS<\/title>\n<meta name=\"robots\" content=\"index, follow, max-snippet:-1, max-image-preview:large, max-video-preview:-1\" \/>\n<link rel=\"canonical\" href=\"https:\/\/naturpiedra.com\/es\/areniscas\/\" \/>\n<meta property=\"og:locale\" content=\"es_ES\" \/>\n<meta property=\"og:type\" content=\"article\" \/>\n<meta property=\"og:title\" content=\"Tipolog\u00eda - Areniscas - naturpiedra JBERNARDOS\" \/>\n<meta property=\"og:description\" content=\"Pizarras y Filitas Cuarcitas Calizas Areniscas Granito y Basalto Travertino y M\u00e1rmoles Areniscas Naturpiedra presenta una amplia gama de productos en piedra natural tipo Arenisca, una de las m\u00e1s utilizadas y apreciadas en construcci\u00f3n. La piedra arenisca es una roca sedimentaria, compuesta por granos principalmente de cuarzo, pero tambi\u00e9n de otros numerosos minerales, expuestos a [&hellip;]\" \/>\n<meta property=\"og:url\" content=\"https:\/\/naturpiedra.com\/es\/areniscas\/\" \/>\n<meta property=\"og:site_name\" content=\"naturpiedra JBERNARDOS\" \/>\n<meta property=\"article:modified_time\" content=\"2023-06-06T21:42:30+00:00\" \/>\n<meta name=\"twitter:card\" content=\"summary_large_image\" \/>\n<meta name=\"twitter:label1\" content=\"Tiempo de lectura\" \/>\n\t<meta name=\"twitter:data1\" content=\"15 minutos\" \/>\n<script type=\"application\/ld+json\" class=\"yoast-schema-graph\">{\"@context\":\"https:\\\/\\\/schema.org\",\"@graph\":[{\"@type\":\"WebPage\",\"@id\":\"https:\\\/\\\/naturpiedra.com\\\/es\\\/areniscas\\\/\",\"url\":\"https:\\\/\\\/naturpiedra.com\\\/es\\\/areniscas\\\/\",\"name\":\"Tipolog\u00eda - Areniscas - naturpiedra JBERNARDOS\",\"isPartOf\":{\"@id\":\"https:\\\/\\\/naturpiedra.com\\\/es\\\/#website\"},\"datePublished\":\"2023-01-20T11:56:37+00:00\",\"dateModified\":\"2023-06-06T21:42:30+00:00\",\"breadcrumb\":{\"@id\":\"https:\\\/\\\/naturpiedra.com\\\/es\\\/areniscas\\\/#breadcrumb\"},\"inLanguage\":\"es\",\"potentialAction\":[{\"@type\":\"ReadAction\",\"target\":[\"https:\\\/\\\/naturpiedra.com\\\/es\\\/areniscas\\\/\"]}]},{\"@type\":\"BreadcrumbList\",\"@id\":\"https:\\\/\\\/naturpiedra.com\\\/es\\\/areniscas\\\/#breadcrumb\",\"itemListElement\":[{\"@type\":\"ListItem\",\"position\":1,\"name\":\"Portada\",\"item\":\"https:\\\/\\\/naturpiedra.com\\\/es\\\/\"},{\"@type\":\"ListItem\",\"position\":2,\"name\":\"Tipolog\u00eda &#8211; Areniscas\"}]},{\"@type\":\"WebSite\",\"@id\":\"https:\\\/\\\/naturpiedra.com\\\/es\\\/#website\",\"url\":\"https:\\\/\\\/naturpiedra.com\\\/es\\\/\",\"name\":\"naturpiedra JBERNARDOS\",\"description\":\"| Suministro y Colocaci\u00f3n de Piedra Natural\",\"publisher\":{\"@id\":\"https:\\\/\\\/naturpiedra.com\\\/es\\\/#organization\"},\"potentialAction\":[{\"@type\":\"SearchAction\",\"target\":{\"@type\":\"EntryPoint\",\"urlTemplate\":\"https:\\\/\\\/naturpiedra.com\\\/es\\\/?s={search_term_string}\"},\"query-input\":{\"@type\":\"PropertyValueSpecification\",\"valueRequired\":true,\"valueName\":\"search_term_string\"}}],\"inLanguage\":\"es\"},{\"@type\":\"Organization\",\"@id\":\"https:\\\/\\\/naturpiedra.com\\\/es\\\/#organization\",\"name\":\"naturpiedra JBERNARDOS\",\"url\":\"https:\\\/\\\/naturpiedra.com\\\/es\\\/\",\"logo\":{\"@type\":\"ImageObject\",\"inLanguage\":\"es\",\"@id\":\"https:\\\/\\\/naturpiedra.com\\\/es\\\/#\\\/schema\\\/logo\\\/image\\\/\",\"url\":\"https:\\\/\\\/naturpiedra.com\\\/es\\\/wp-content\\\/uploads\\\/2022\\\/09\\\/logo-naturpiedra.png\",\"contentUrl\":\"https:\\\/\\\/naturpiedra.com\\\/es\\\/wp-content\\\/uploads\\\/2022\\\/09\\\/logo-naturpiedra.png\",\"width\":265,\"height\":50,\"caption\":\"naturpiedra JBERNARDOS\"},\"image\":{\"@id\":\"https:\\\/\\\/naturpiedra.com\\\/es\\\/#\\\/schema\\\/logo\\\/image\\\/\"}}]}<\/script>\n<!-- \/ Yoast SEO plugin. -->","yoast_head_json":{"title":"Tipolog\u00eda - Areniscas - naturpiedra JBERNARDOS","robots":{"index":"index","follow":"follow","max-snippet":"max-snippet:-1","max-image-preview":"max-image-preview:large","max-video-preview":"max-video-preview:-1"},"canonical":"https:\/\/naturpiedra.com\/es\/areniscas\/","og_locale":"es_ES","og_type":"article","og_title":"Tipolog\u00eda - Areniscas - naturpiedra JBERNARDOS","og_description":"Pizarras y Filitas Cuarcitas Calizas Areniscas Granito y Basalto Travertino y M\u00e1rmoles Areniscas Naturpiedra presenta una amplia gama de productos en piedra natural tipo Arenisca, una de las m\u00e1s utilizadas y apreciadas en construcci\u00f3n. La piedra arenisca es una roca sedimentaria, compuesta por granos principalmente de cuarzo, pero tambi\u00e9n de otros numerosos minerales, expuestos a [&hellip;]","og_url":"https:\/\/naturpiedra.com\/es\/areniscas\/","og_site_name":"naturpiedra JBERNARDOS","article_modified_time":"2023-06-06T21:42:30+00:00","twitter_card":"summary_large_image","twitter_misc":{"Tiempo de lectura":"15 minutos"},"schema":{"@context":"https:\/\/schema.org","@graph":[{"@type":"WebPage","@id":"https:\/\/naturpiedra.com\/es\/areniscas\/","url":"https:\/\/naturpiedra.com\/es\/areniscas\/","name":"Tipolog\u00eda - Areniscas - naturpiedra JBERNARDOS","isPartOf":{"@id":"https:\/\/naturpiedra.com\/es\/#website"},"datePublished":"2023-01-20T11:56:37+00:00","dateModified":"2023-06-06T21:42:30+00:00","breadcrumb":{"@id":"https:\/\/naturpiedra.com\/es\/areniscas\/#breadcrumb"},"inLanguage":"es","potentialAction":[{"@type":"ReadAction","target":["https:\/\/naturpiedra.com\/es\/areniscas\/"]}]},{"@type":"BreadcrumbList","@id":"https:\/\/naturpiedra.com\/es\/areniscas\/#breadcrumb","itemListElement":[{"@type":"ListItem","position":1,"name":"Portada","item":"https:\/\/naturpiedra.com\/es\/"},{"@type":"ListItem","position":2,"name":"Tipolog\u00eda &#8211; Areniscas"}]},{"@type":"WebSite","@id":"https:\/\/naturpiedra.com\/es\/#website","url":"https:\/\/naturpiedra.com\/es\/","name":"naturpiedra JBERNARDOS","description":"| Suministro y Colocaci\u00f3n de Piedra Natural","publisher":{"@id":"https:\/\/naturpiedra.com\/es\/#organization"},"potentialAction":[{"@type":"SearchAction","target":{"@type":"EntryPoint","urlTemplate":"https:\/\/naturpiedra.com\/es\/?s={search_term_string}"},"query-input":{"@type":"PropertyValueSpecification","valueRequired":true,"valueName":"search_term_string"}}],"inLanguage":"es"},{"@type":"Organization","@id":"https:\/\/naturpiedra.com\/es\/#organization","name":"naturpiedra JBERNARDOS","url":"https:\/\/naturpiedra.com\/es\/","logo":{"@type":"ImageObject","inLanguage":"es","@id":"https:\/\/naturpiedra.com\/es\/#\/schema\/logo\/image\/","url":"https:\/\/naturpiedra.com\/es\/wp-content\/uploads\/2022\/09\/logo-naturpiedra.png","contentUrl":"https:\/\/naturpiedra.com\/es\/wp-content\/uploads\/2022\/09\/logo-naturpiedra.png","width":265,"height":50,"caption":"naturpiedra JBERNARDOS"},"image":{"@id":"https:\/\/naturpiedra.com\/es\/#\/schema\/logo\/image\/"}}]}},"lang":"es","translations":{"es":40838,"en":59215},"pll_sync_post":[],"_links":{"self":[{"href":"https:\/\/naturpiedra.com\/es\/wp-json\/wp\/v2\/pages\/40838","targetHints":{"allow":["GET"]}}],"collection":[{"href":"https:\/\/naturpiedra.com\/es\/wp-json\/wp\/v2\/pages"}],"about":[{"href":"https:\/\/naturpiedra.com\/es\/wp-json\/wp\/v2\/types\/page"}],"author":[{"embeddable":true,"href":"https:\/\/naturpiedra.com\/es\/wp-json\/wp\/v2\/users\/2"}],"replies":[{"embeddable":true,"href":"https:\/\/naturpiedra.com\/es\/wp-json\/wp\/v2\/comments?post=40838"}],"version-history":[{"count":3,"href":"https:\/\/naturpiedra.com\/es\/wp-json\/wp\/v2\/pages\/40838\/revisions"}],"predecessor-version":[{"id":62366,"href":"https:\/\/naturpiedra.com\/es\/wp-json\/wp\/v2\/pages\/40838\/revisions\/62366"}],"wp:attachment":[{"href":"https:\/\/naturpiedra.com\/es\/wp-json\/wp\/v2\/media?parent=40838"}],"curies":[{"name":"wp","href":"https:\/\/api.w.org\/{rel}","templated":true}]}}