{"id":40829,"date":"2023-01-20T11:52:17","date_gmt":"2023-01-20T11:52:17","guid":{"rendered":"https:\/\/naturpiedra.com\/es\/?page_id=40829"},"modified":"2023-06-06T21:41:53","modified_gmt":"2023-06-06T21:41:53","slug":"calizas","status":"publish","type":"page","link":"https:\/\/naturpiedra.com\/es\/calizas\/","title":{"rendered":"Tipolog\u00eda &#8211; Calizas"},"content":{"rendered":"\t\t<div data-elementor-type=\"wp-page\" data-elementor-id=\"40829\" class=\"elementor elementor-40829\" data-elementor-post-type=\"page\">\n\t\t\t\t\t\t<section class=\"elementor-section elementor-top-section elementor-element elementor-element-6d8ef2d elementor-hidden-tablet elementor-hidden-mobile elementor-section-boxed elementor-section-height-default elementor-section-height-default\" data-id=\"6d8ef2d\" data-element_type=\"section\" data-e-type=\"section\">\n\t\t\t\t\t\t<div class=\"elementor-container elementor-column-gap-default\">\n\t\t\t\t\t<div class=\"elementor-column elementor-col-100 elementor-top-column elementor-element elementor-element-9d99e16\" data-id=\"9d99e16\" data-element_type=\"column\" data-e-type=\"column\">\n\t\t\t<div class=\"elementor-widget-wrap elementor-element-populated\">\n\t\t\t\t\t\t<div class=\"elementor-element elementor-element-724f5b0 elementor-widget__width-auto elementor-widget elementor-widget-button\" data-id=\"724f5b0\" data-element_type=\"widget\" data-e-type=\"widget\" data-widget_type=\"button.default\">\n\t\t\t\t<div class=\"elementor-widget-container\">\n\t\t\t\t\t\t\t\t\t<div class=\"elementor-button-wrapper\">\n\t\t\t\t\t<a class=\"elementor-button elementor-button-link elementor-size-xs\" href=\"https:\/\/naturpiedra.com\/es\/pizarras\/\">\n\t\t\t\t\t\t<span class=\"elementor-button-content-wrapper\">\n\t\t\t\t\t\t\t\t\t<span class=\"elementor-button-text\">Pizarras y Filitas<\/span>\n\t\t\t\t\t<\/span>\n\t\t\t\t\t<\/a>\n\t\t\t\t<\/div>\n\t\t\t\t\t\t\t\t<\/div>\n\t\t\t\t<\/div>\n\t\t\t\t<div class=\"elementor-element elementor-element-352e5fb elementor-widget__width-auto elementor-widget elementor-widget-button\" data-id=\"352e5fb\" data-element_type=\"widget\" data-e-type=\"widget\" data-widget_type=\"button.default\">\n\t\t\t\t<div class=\"elementor-widget-container\">\n\t\t\t\t\t\t\t\t\t<div class=\"elementor-button-wrapper\">\n\t\t\t\t\t<a class=\"elementor-button elementor-button-link elementor-size-xs\" href=\"https:\/\/naturpiedra.com\/es\/pizarras\/\">\n\t\t\t\t\t\t<span class=\"elementor-button-content-wrapper\">\n\t\t\t\t\t\t\t\t\t<span class=\"elementor-button-text\">Cuarcitas<\/span>\n\t\t\t\t\t<\/span>\n\t\t\t\t\t<\/a>\n\t\t\t\t<\/div>\n\t\t\t\t\t\t\t\t<\/div>\n\t\t\t\t<\/div>\n\t\t\t\t<div class=\"elementor-element elementor-element-f67c8d6 elementor-widget__width-auto elementor-widget elementor-widget-button\" data-id=\"f67c8d6\" data-element_type=\"widget\" data-e-type=\"widget\" data-widget_type=\"button.default\">\n\t\t\t\t<div class=\"elementor-widget-container\">\n\t\t\t\t\t\t\t\t\t<div class=\"elementor-button-wrapper\">\n\t\t\t\t\t<a class=\"elementor-button elementor-button-link elementor-size-xs\" href=\"https:\/\/naturpiedra.com\/es\/calizas\/\">\n\t\t\t\t\t\t<span class=\"elementor-button-content-wrapper\">\n\t\t\t\t\t\t\t\t\t<span class=\"elementor-button-text\">Calizas<\/span>\n\t\t\t\t\t<\/span>\n\t\t\t\t\t<\/a>\n\t\t\t\t<\/div>\n\t\t\t\t\t\t\t\t<\/div>\n\t\t\t\t<\/div>\n\t\t\t\t<div class=\"elementor-element elementor-element-f1b0ca6 elementor-widget__width-auto elementor-widget elementor-widget-button\" data-id=\"f1b0ca6\" data-element_type=\"widget\" data-e-type=\"widget\" data-widget_type=\"button.default\">\n\t\t\t\t<div class=\"elementor-widget-container\">\n\t\t\t\t\t\t\t\t\t<div class=\"elementor-button-wrapper\">\n\t\t\t\t\t<a class=\"elementor-button elementor-button-link elementor-size-xs\" href=\"https:\/\/naturpiedra.com\/es\/areniscas\/\" id=\"showme\">\n\t\t\t\t\t\t<span class=\"elementor-button-content-wrapper\">\n\t\t\t\t\t\t\t\t\t<span class=\"elementor-button-text\">Areniscas<\/span>\n\t\t\t\t\t<\/span>\n\t\t\t\t\t<\/a>\n\t\t\t\t<\/div>\n\t\t\t\t\t\t\t\t<\/div>\n\t\t\t\t<\/div>\n\t\t\t\t<div class=\"elementor-element elementor-element-dd42b9b elementor-widget__width-auto elementor-widget elementor-widget-button\" data-id=\"dd42b9b\" data-element_type=\"widget\" data-e-type=\"widget\" data-widget_type=\"button.default\">\n\t\t\t\t<div class=\"elementor-widget-container\">\n\t\t\t\t\t\t\t\t\t<div class=\"elementor-button-wrapper\">\n\t\t\t\t\t<a class=\"elementor-button elementor-button-link elementor-size-xs\" href=\"https:\/\/naturpiedra.com\/es\/granito-y-basalto\/\" id=\"showme\">\n\t\t\t\t\t\t<span class=\"elementor-button-content-wrapper\">\n\t\t\t\t\t\t\t\t\t<span class=\"elementor-button-text\">Granito y Basalto<\/span>\n\t\t\t\t\t<\/span>\n\t\t\t\t\t<\/a>\n\t\t\t\t<\/div>\n\t\t\t\t\t\t\t\t<\/div>\n\t\t\t\t<\/div>\n\t\t\t\t<div class=\"elementor-element elementor-element-88a1114 elementor-widget__width-auto elementor-widget elementor-widget-button\" data-id=\"88a1114\" data-element_type=\"widget\" data-e-type=\"widget\" data-widget_type=\"button.default\">\n\t\t\t\t<div class=\"elementor-widget-container\">\n\t\t\t\t\t\t\t\t\t<div class=\"elementor-button-wrapper\">\n\t\t\t\t\t<a class=\"elementor-button elementor-button-link elementor-size-xs\" href=\"https:\/\/naturpiedra.com\/es\/travertino-y-marmoles\/\" id=\"showme\">\n\t\t\t\t\t\t<span class=\"elementor-button-content-wrapper\">\n\t\t\t\t\t\t\t\t\t<span class=\"elementor-button-text\">Travertino y M\u00e1rmoles<\/span>\n\t\t\t\t\t<\/span>\n\t\t\t\t\t<\/a>\n\t\t\t\t<\/div>\n\t\t\t\t\t\t\t\t<\/div>\n\t\t\t\t<\/div>\n\t\t\t\t\t<\/div>\n\t\t<\/div>\n\t\t\t\t\t<\/div>\n\t\t<\/section>\n\t\t\t\t<section class=\"elementor-section elementor-top-section elementor-element elementor-element-84e7ff0 elementor-section-full_width elementor-section-stretched elementor-hidden-desktop elementor-section-height-default elementor-section-height-default\" data-id=\"84e7ff0\" data-element_type=\"section\" data-e-type=\"section\" data-settings=\"{&quot;stretch_section&quot;:&quot;section-stretched&quot;,&quot;background_background&quot;:&quot;classic&quot;}\">\n\t\t\t\t\t\t<div class=\"elementor-container elementor-column-gap-no\">\n\t\t\t\t\t<div class=\"elementor-column elementor-col-100 elementor-top-column elementor-element elementor-element-639ec2e\" data-id=\"639ec2e\" data-element_type=\"column\" data-e-type=\"column\">\n\t\t\t<div class=\"elementor-widget-wrap elementor-element-populated\">\n\t\t\t\t\t\t<div class=\"elementor-element elementor-element-d539e26 elementor-nav-menu__align-justify elementor-nav-menu--dropdown-none elementor-widget elementor-widget-nav-menu\" data-id=\"d539e26\" data-element_type=\"widget\" data-e-type=\"widget\" data-settings=\"{&quot;layout&quot;:&quot;horizontal&quot;,&quot;submenu_icon&quot;:{&quot;value&quot;:&quot;&lt;i class=\\&quot;fas fa-caret-down\\&quot; aria-hidden=\\&quot;true\\&quot;&gt;&lt;\\\/i&gt;&quot;,&quot;library&quot;:&quot;fa-solid&quot;}}\" data-widget_type=\"nav-menu.default\">\n\t\t\t\t<div class=\"elementor-widget-container\">\n\t\t\t\t\t\t\t\t<nav aria-label=\"Men\u00fa\" class=\"elementor-nav-menu--main elementor-nav-menu__container elementor-nav-menu--layout-horizontal e--pointer-none\">\n\t\t\t\t<ul id=\"menu-1-d539e26\" class=\"elementor-nav-menu\"><li class=\"menu-item menu-item-type-post_type menu-item-object-page menu-item-42338\"><a href=\"https:\/\/naturpiedra.com\/es\/pizarras\/\" class=\"elementor-item\">Pizarras y Filitas<\/a><\/li>\n<li class=\"menu-item menu-item-type-post_type menu-item-object-page menu-item-42336\"><a href=\"https:\/\/naturpiedra.com\/es\/cuarcitas\/\" class=\"elementor-item\">Cuarcitas<\/a><\/li>\n<li class=\"menu-item menu-item-type-post_type menu-item-object-page menu-item-42335\"><a href=\"https:\/\/naturpiedra.com\/es\/calizas\/\" class=\"elementor-item\">Calizas<\/a><\/li>\n<li class=\"menu-item menu-item-type-post_type menu-item-object-page menu-item-42334\"><a href=\"https:\/\/naturpiedra.com\/es\/areniscas\/\" class=\"elementor-item\">Areniscas<\/a><\/li>\n<li class=\"menu-item menu-item-type-post_type menu-item-object-page menu-item-42337\"><a href=\"https:\/\/naturpiedra.com\/es\/granito-y-basalto\/\" class=\"elementor-item\">Granito y Basalto<\/a><\/li>\n<li class=\"menu-item menu-item-type-post_type menu-item-object-page menu-item-42339\"><a href=\"https:\/\/naturpiedra.com\/es\/travertino-y-marmoles\/\" class=\"elementor-item\">Travertino y M\u00e1rmoles<\/a><\/li>\n<\/ul>\t\t\t<\/nav>\n\t\t\t\t\t\t<nav class=\"elementor-nav-menu--dropdown elementor-nav-menu__container\" aria-hidden=\"true\">\n\t\t\t\t<ul id=\"menu-2-d539e26\" class=\"elementor-nav-menu\"><li class=\"menu-item menu-item-type-post_type menu-item-object-page menu-item-42338\"><a href=\"https:\/\/naturpiedra.com\/es\/pizarras\/\" class=\"elementor-item\" tabindex=\"-1\">Pizarras y Filitas<\/a><\/li>\n<li class=\"menu-item menu-item-type-post_type menu-item-object-page menu-item-42336\"><a href=\"https:\/\/naturpiedra.com\/es\/cuarcitas\/\" class=\"elementor-item\" tabindex=\"-1\">Cuarcitas<\/a><\/li>\n<li class=\"menu-item menu-item-type-post_type menu-item-object-page menu-item-42335\"><a href=\"https:\/\/naturpiedra.com\/es\/calizas\/\" class=\"elementor-item\" tabindex=\"-1\">Calizas<\/a><\/li>\n<li class=\"menu-item menu-item-type-post_type menu-item-object-page menu-item-42334\"><a href=\"https:\/\/naturpiedra.com\/es\/areniscas\/\" class=\"elementor-item\" tabindex=\"-1\">Areniscas<\/a><\/li>\n<li class=\"menu-item menu-item-type-post_type menu-item-object-page menu-item-42337\"><a href=\"https:\/\/naturpiedra.com\/es\/granito-y-basalto\/\" class=\"elementor-item\" tabindex=\"-1\">Granito y Basalto<\/a><\/li>\n<li class=\"menu-item menu-item-type-post_type menu-item-object-page menu-item-42339\"><a href=\"https:\/\/naturpiedra.com\/es\/travertino-y-marmoles\/\" class=\"elementor-item\" tabindex=\"-1\">Travertino y M\u00e1rmoles<\/a><\/li>\n<\/ul>\t\t\t<\/nav>\n\t\t\t\t\t\t<\/div>\n\t\t\t\t<\/div>\n\t\t\t\t\t<\/div>\n\t\t<\/div>\n\t\t\t\t\t<\/div>\n\t\t<\/section>\n\t\t\t\t<section class=\"elementor-section elementor-top-section elementor-element elementor-element-0a4ee92 elementor-section-boxed elementor-section-height-default elementor-section-height-default\" data-id=\"0a4ee92\" data-element_type=\"section\" data-e-type=\"section\">\n\t\t\t\t\t\t<div class=\"elementor-container elementor-column-gap-default\">\n\t\t\t\t\t<div class=\"elementor-column elementor-col-100 elementor-top-column elementor-element elementor-element-e55f783\" data-id=\"e55f783\" data-element_type=\"column\" data-e-type=\"column\">\n\t\t\t<div class=\"elementor-widget-wrap elementor-element-populated\">\n\t\t\t\t\t\t<div class=\"elementor-element elementor-element-c1ad9c5 elementor-widget elementor-widget-jet-listing-grid\" data-id=\"c1ad9c5\" data-element_type=\"widget\" data-e-type=\"widget\" data-settings=\"{&quot;columns_tablet&quot;:&quot;2&quot;,&quot;columns_mobile&quot;:&quot;1&quot;,&quot;columns&quot;:3}\" data-widget_type=\"jet-listing-grid.default\">\n\t\t\t\t<div class=\"elementor-widget-container\">\n\t\t\t\t\t<div class=\"jet-listing-grid jet-listing-grid--lazy-load jet-listing jet-listing-grid-loading\" data-lazy-load=\"{&quot;offset&quot;:&quot;0px&quot;,&quot;post_id&quot;:40829,&quot;queried_id&quot;:&quot;40829|WP_Post&quot;}\"><div class=\"jet-listing-grid__loader\"><div class=\"jet-listing-grid__loader-spinner\"><\/div><\/div><\/div>\t\t\t\t<\/div>\n\t\t\t\t<\/div>\n\t\t\t\t\t<\/div>\n\t\t<\/div>\n\t\t\t\t\t<\/div>\n\t\t<\/section>\n\t\t\t\t<section class=\"elementor-section elementor-top-section elementor-element elementor-element-d9ab6df elementor-section-boxed elementor-section-height-default elementor-section-height-default\" data-id=\"d9ab6df\" data-element_type=\"section\" data-e-type=\"section\">\n\t\t\t\t\t\t<div class=\"elementor-container elementor-column-gap-default\">\n\t\t\t\t\t<div class=\"elementor-column elementor-col-100 elementor-top-column elementor-element elementor-element-6539a05\" data-id=\"6539a05\" data-element_type=\"column\" data-e-type=\"column\">\n\t\t\t<div class=\"elementor-widget-wrap elementor-element-populated\">\n\t\t\t\t\t\t<div class=\"elementor-element elementor-element-d1c1eed elementor-widget elementor-widget-heading\" data-id=\"d1c1eed\" data-element_type=\"widget\" data-e-type=\"widget\" data-widget_type=\"heading.default\">\n\t\t\t\t<div class=\"elementor-widget-container\">\n\t\t\t\t\t<h1 class=\"elementor-heading-title elementor-size-default\">Calizas<\/h1>\t\t\t\t<\/div>\n\t\t\t\t<\/div>\n\t\t\t\t\t<\/div>\n\t\t<\/div>\n\t\t\t\t\t<\/div>\n\t\t<\/section>\n\t\t\t\t<section class=\"elementor-section elementor-top-section elementor-element elementor-element-051951e elementor-section-boxed elementor-section-height-default elementor-section-height-default\" data-id=\"051951e\" data-element_type=\"section\" data-e-type=\"section\">\n\t\t\t\t\t\t<div class=\"elementor-container elementor-column-gap-default\">\n\t\t\t\t\t<div class=\"elementor-column elementor-col-100 elementor-top-column elementor-element elementor-element-01918e4\" data-id=\"01918e4\" data-element_type=\"column\" data-e-type=\"column\">\n\t\t\t<div class=\"elementor-widget-wrap elementor-element-populated\">\n\t\t\t\t\t\t<div class=\"elementor-element elementor-element-fb539ff elementor-widget elementor-widget-text-editor\" data-id=\"fb539ff\" data-element_type=\"widget\" data-e-type=\"widget\" data-widget_type=\"text-editor.default\">\n\t\t\t\t<div class=\"elementor-widget-container\">\n\t\t\t\t\t\t\t\t\t<p align=\"justify\">Una de las tipolog\u00edas de piedra natural m\u00e1s utilizadas en construcci\u00f3n son las calizas. Este tipo de material, generalmente de tonos blanquecinos y claros, se adapta a diversos usos en construcci\u00f3n, siendo muy apreciadas, por ejemplo, en el revestimiento de fachadas, tanto ventiladas como pegadas.<\/p><p align=\"justify\">Se consideran rocas sedimentarias, compuestas mayoritariamente por carbonato de calcio, con trazas de otros materiales como magnesita, arcillas, cuarzo, etc.; que pueden modificar su color y homogeneidad. Es un tipo de material abundante y diverso en todo el planeta, de los m\u00e1s antiguos utilizados en arquitectura, como pueden atesorar la mayor\u00eda de los m\u00e1s antiguos monumentos del mundo. Tambi\u00e9n se ha utilizado la caliza, tradicionalmente en construcci\u00f3n como componente de morteros, estucos o lechadas.<\/p><p align=\"justify\">Nuestras calizas est\u00e1n disponibles en gran diversidad de acabados superficiales, ofreciendo con un mismo material numerosas texturas. Adem\u00e1s de permitir gran diversidad de formatos como baldosa; tambi\u00e9n pueden trabajarse como piedra irregular, adoqu\u00edn, mamposter\u00eda, sillares, panel premontado, etc.; como pueden comprobar en nuestro cat\u00e1logo de materiales.<\/p><p align=\"justify\">Permiten trabajar todo tipo de piezas especiales en donde podemos dar rienda suelta a cualquier tipo de dise\u00f1o que deseemos. Entre los n\u00fameros trabajos realizados con las calizas de la gama Naturpiedra, tal como pueden ver en nuestro showroom, es posible realizar piezas como lavabos, platos de ducha, encimeras, mobiliario urbano, vierteaguas, cubremuros, coronaci\u00f3n de piscina, balaustradas, pelda\u00f1os\u2026 Cualquier idea decorativa que nos transmita, es posible realizarla con este tipo de materiales.<\/p><p align=\"justify\">Naturpiedra dispone de una de las gamas m\u00e1s completas del mercado en este tipo de materiales, con todo tipo de acabados. Por poner alg\u00fan ejemplo de los numerosos proyectos que presentamos, pueden ver fachadas ventiladas con Caliza F\u00f3sil, chapados irregulares con Caliza Rubia, solados exteriores urbanos con Caliza Sabana, adoquinados de calzada de Caliza Portuguesa, solados interiores con Caliza Hueso; toda una dilatada experiencia en el suministro y colocaci\u00f3n de todo tipo de obra con calizas de Naturpiedra Jbernardos.<\/p>\t\t\t\t\t\t\t\t<\/div>\n\t\t\t\t<\/div>\n\t\t\t\t\t<\/div>\n\t\t<\/div>\n\t\t\t\t\t<\/div>\n\t\t<\/section>\n\t\t\t\t<\/div>\n\t\t","protected":false},"excerpt":{"rendered":"<p>Pizarras y Filitas Cuarcitas Calizas Areniscas Granito y Basalto Travertino y M\u00e1rmoles Calizas Una de las tipolog\u00edas de piedra natural m\u00e1s utilizadas en construcci\u00f3n son las calizas. Este tipo de material, generalmente de tonos blanquecinos y claros, se adapta a diversos usos en construcci\u00f3n, siendo muy apreciadas, por ejemplo, en el revestimiento de fachadas, tanto [&hellip;]<\/p>\n","protected":false},"author":2,"featured_media":0,"parent":0,"menu_order":0,"comment_status":"closed","ping_status":"open","template":"","meta":{"inline_featured_image":false,"footnotes":""},"class_list":["post-40829","page","type-page","status-publish","hentry"],"yoast_head":"<!-- This site is optimized with the Yoast SEO plugin v27.4 - https:\/\/yoast.com\/product\/yoast-seo-wordpress\/ -->\n<title>Tipolog\u00eda - Calizas - naturpiedra JBERNARDOS<\/title>\n<meta name=\"robots\" content=\"index, follow, max-snippet:-1, max-image-preview:large, max-video-preview:-1\" \/>\n<link rel=\"canonical\" href=\"https:\/\/naturpiedra.com\/es\/calizas\/\" \/>\n<meta property=\"og:locale\" content=\"es_ES\" \/>\n<meta property=\"og:type\" content=\"article\" \/>\n<meta property=\"og:title\" content=\"Tipolog\u00eda - Calizas - naturpiedra JBERNARDOS\" \/>\n<meta property=\"og:description\" content=\"Pizarras y Filitas Cuarcitas Calizas Areniscas Granito y Basalto Travertino y M\u00e1rmoles Calizas Una de las tipolog\u00edas de piedra natural m\u00e1s utilizadas en construcci\u00f3n son las calizas. Este tipo de material, generalmente de tonos blanquecinos y claros, se adapta a diversos usos en construcci\u00f3n, siendo muy apreciadas, por ejemplo, en el revestimiento de fachadas, tanto [&hellip;]\" \/>\n<meta property=\"og:url\" content=\"https:\/\/naturpiedra.com\/es\/calizas\/\" \/>\n<meta property=\"og:site_name\" content=\"naturpiedra JBERNARDOS\" \/>\n<meta property=\"article:modified_time\" content=\"2023-06-06T21:41:53+00:00\" \/>\n<meta name=\"twitter:card\" content=\"summary_large_image\" \/>\n<meta name=\"twitter:label1\" content=\"Tiempo de lectura\" \/>\n\t<meta name=\"twitter:data1\" content=\"18 minutos\" \/>\n<script type=\"application\/ld+json\" class=\"yoast-schema-graph\">{\"@context\":\"https:\\\/\\\/schema.org\",\"@graph\":[{\"@type\":\"WebPage\",\"@id\":\"https:\\\/\\\/naturpiedra.com\\\/es\\\/calizas\\\/\",\"url\":\"https:\\\/\\\/naturpiedra.com\\\/es\\\/calizas\\\/\",\"name\":\"Tipolog\u00eda - Calizas - naturpiedra JBERNARDOS\",\"isPartOf\":{\"@id\":\"https:\\\/\\\/naturpiedra.com\\\/es\\\/#website\"},\"datePublished\":\"2023-01-20T11:52:17+00:00\",\"dateModified\":\"2023-06-06T21:41:53+00:00\",\"breadcrumb\":{\"@id\":\"https:\\\/\\\/naturpiedra.com\\\/es\\\/calizas\\\/#breadcrumb\"},\"inLanguage\":\"es\",\"potentialAction\":[{\"@type\":\"ReadAction\",\"target\":[\"https:\\\/\\\/naturpiedra.com\\\/es\\\/calizas\\\/\"]}]},{\"@type\":\"BreadcrumbList\",\"@id\":\"https:\\\/\\\/naturpiedra.com\\\/es\\\/calizas\\\/#breadcrumb\",\"itemListElement\":[{\"@type\":\"ListItem\",\"position\":1,\"name\":\"Portada\",\"item\":\"https:\\\/\\\/naturpiedra.com\\\/es\\\/\"},{\"@type\":\"ListItem\",\"position\":2,\"name\":\"Tipolog\u00eda &#8211; Calizas\"}]},{\"@type\":\"WebSite\",\"@id\":\"https:\\\/\\\/naturpiedra.com\\\/es\\\/#website\",\"url\":\"https:\\\/\\\/naturpiedra.com\\\/es\\\/\",\"name\":\"naturpiedra JBERNARDOS\",\"description\":\"| Suministro y Colocaci\u00f3n de Piedra Natural\",\"publisher\":{\"@id\":\"https:\\\/\\\/naturpiedra.com\\\/es\\\/#organization\"},\"potentialAction\":[{\"@type\":\"SearchAction\",\"target\":{\"@type\":\"EntryPoint\",\"urlTemplate\":\"https:\\\/\\\/naturpiedra.com\\\/es\\\/?s={search_term_string}\"},\"query-input\":{\"@type\":\"PropertyValueSpecification\",\"valueRequired\":true,\"valueName\":\"search_term_string\"}}],\"inLanguage\":\"es\"},{\"@type\":\"Organization\",\"@id\":\"https:\\\/\\\/naturpiedra.com\\\/es\\\/#organization\",\"name\":\"naturpiedra JBERNARDOS\",\"url\":\"https:\\\/\\\/naturpiedra.com\\\/es\\\/\",\"logo\":{\"@type\":\"ImageObject\",\"inLanguage\":\"es\",\"@id\":\"https:\\\/\\\/naturpiedra.com\\\/es\\\/#\\\/schema\\\/logo\\\/image\\\/\",\"url\":\"https:\\\/\\\/naturpiedra.com\\\/es\\\/wp-content\\\/uploads\\\/2022\\\/09\\\/logo-naturpiedra.png\",\"contentUrl\":\"https:\\\/\\\/naturpiedra.com\\\/es\\\/wp-content\\\/uploads\\\/2022\\\/09\\\/logo-naturpiedra.png\",\"width\":265,\"height\":50,\"caption\":\"naturpiedra JBERNARDOS\"},\"image\":{\"@id\":\"https:\\\/\\\/naturpiedra.com\\\/es\\\/#\\\/schema\\\/logo\\\/image\\\/\"}}]}<\/script>\n<!-- \/ Yoast SEO plugin. -->","yoast_head_json":{"title":"Tipolog\u00eda - Calizas - naturpiedra JBERNARDOS","robots":{"index":"index","follow":"follow","max-snippet":"max-snippet:-1","max-image-preview":"max-image-preview:large","max-video-preview":"max-video-preview:-1"},"canonical":"https:\/\/naturpiedra.com\/es\/calizas\/","og_locale":"es_ES","og_type":"article","og_title":"Tipolog\u00eda - Calizas - naturpiedra JBERNARDOS","og_description":"Pizarras y Filitas Cuarcitas Calizas Areniscas Granito y Basalto Travertino y M\u00e1rmoles Calizas Una de las tipolog\u00edas de piedra natural m\u00e1s utilizadas en construcci\u00f3n son las calizas. Este tipo de material, generalmente de tonos blanquecinos y claros, se adapta a diversos usos en construcci\u00f3n, siendo muy apreciadas, por ejemplo, en el revestimiento de fachadas, tanto [&hellip;]","og_url":"https:\/\/naturpiedra.com\/es\/calizas\/","og_site_name":"naturpiedra JBERNARDOS","article_modified_time":"2023-06-06T21:41:53+00:00","twitter_card":"summary_large_image","twitter_misc":{"Tiempo de lectura":"18 minutos"},"schema":{"@context":"https:\/\/schema.org","@graph":[{"@type":"WebPage","@id":"https:\/\/naturpiedra.com\/es\/calizas\/","url":"https:\/\/naturpiedra.com\/es\/calizas\/","name":"Tipolog\u00eda - Calizas - naturpiedra JBERNARDOS","isPartOf":{"@id":"https:\/\/naturpiedra.com\/es\/#website"},"datePublished":"2023-01-20T11:52:17+00:00","dateModified":"2023-06-06T21:41:53+00:00","breadcrumb":{"@id":"https:\/\/naturpiedra.com\/es\/calizas\/#breadcrumb"},"inLanguage":"es","potentialAction":[{"@type":"ReadAction","target":["https:\/\/naturpiedra.com\/es\/calizas\/"]}]},{"@type":"BreadcrumbList","@id":"https:\/\/naturpiedra.com\/es\/calizas\/#breadcrumb","itemListElement":[{"@type":"ListItem","position":1,"name":"Portada","item":"https:\/\/naturpiedra.com\/es\/"},{"@type":"ListItem","position":2,"name":"Tipolog\u00eda &#8211; Calizas"}]},{"@type":"WebSite","@id":"https:\/\/naturpiedra.com\/es\/#website","url":"https:\/\/naturpiedra.com\/es\/","name":"naturpiedra JBERNARDOS","description":"| Suministro y Colocaci\u00f3n de Piedra Natural","publisher":{"@id":"https:\/\/naturpiedra.com\/es\/#organization"},"potentialAction":[{"@type":"SearchAction","target":{"@type":"EntryPoint","urlTemplate":"https:\/\/naturpiedra.com\/es\/?s={search_term_string}"},"query-input":{"@type":"PropertyValueSpecification","valueRequired":true,"valueName":"search_term_string"}}],"inLanguage":"es"},{"@type":"Organization","@id":"https:\/\/naturpiedra.com\/es\/#organization","name":"naturpiedra JBERNARDOS","url":"https:\/\/naturpiedra.com\/es\/","logo":{"@type":"ImageObject","inLanguage":"es","@id":"https:\/\/naturpiedra.com\/es\/#\/schema\/logo\/image\/","url":"https:\/\/naturpiedra.com\/es\/wp-content\/uploads\/2022\/09\/logo-naturpiedra.png","contentUrl":"https:\/\/naturpiedra.com\/es\/wp-content\/uploads\/2022\/09\/logo-naturpiedra.png","width":265,"height":50,"caption":"naturpiedra JBERNARDOS"},"image":{"@id":"https:\/\/naturpiedra.com\/es\/#\/schema\/logo\/image\/"}}]}},"lang":"es","translations":{"es":40829,"en":59210},"pll_sync_post":[],"_links":{"self":[{"href":"https:\/\/naturpiedra.com\/es\/wp-json\/wp\/v2\/pages\/40829","targetHints":{"allow":["GET"]}}],"collection":[{"href":"https:\/\/naturpiedra.com\/es\/wp-json\/wp\/v2\/pages"}],"about":[{"href":"https:\/\/naturpiedra.com\/es\/wp-json\/wp\/v2\/types\/page"}],"author":[{"embeddable":true,"href":"https:\/\/naturpiedra.com\/es\/wp-json\/wp\/v2\/users\/2"}],"replies":[{"embeddable":true,"href":"https:\/\/naturpiedra.com\/es\/wp-json\/wp\/v2\/comments?post=40829"}],"version-history":[{"count":3,"href":"https:\/\/naturpiedra.com\/es\/wp-json\/wp\/v2\/pages\/40829\/revisions"}],"predecessor-version":[{"id":62363,"href":"https:\/\/naturpiedra.com\/es\/wp-json\/wp\/v2\/pages\/40829\/revisions\/62363"}],"wp:attachment":[{"href":"https:\/\/naturpiedra.com\/es\/wp-json\/wp\/v2\/media?parent=40829"}],"curies":[{"name":"wp","href":"https:\/\/api.w.org\/{rel}","templated":true}]}}