{"id":40820,"date":"2023-01-20T11:46:48","date_gmt":"2023-01-20T11:46:48","guid":{"rendered":"https:\/\/naturpiedra.com\/es\/?page_id=40820"},"modified":"2023-06-06T21:41:18","modified_gmt":"2023-06-06T21:41:18","slug":"cuarcitas","status":"publish","type":"page","link":"https:\/\/naturpiedra.com\/es\/cuarcitas\/","title":{"rendered":"Tipolog\u00eda &#8211; Cuarcitas"},"content":{"rendered":"\t\t<div data-elementor-type=\"wp-page\" data-elementor-id=\"40820\" class=\"elementor elementor-40820\" data-elementor-post-type=\"page\">\n\t\t\t\t\t\t<section class=\"elementor-section elementor-top-section elementor-element elementor-element-c14c63e elementor-hidden-tablet elementor-hidden-mobile elementor-section-boxed elementor-section-height-default elementor-section-height-default\" data-id=\"c14c63e\" data-element_type=\"section\" data-e-type=\"section\">\n\t\t\t\t\t\t<div class=\"elementor-container elementor-column-gap-default\">\n\t\t\t\t\t<div class=\"elementor-column elementor-col-100 elementor-top-column elementor-element elementor-element-5729b26\" data-id=\"5729b26\" data-element_type=\"column\" data-e-type=\"column\">\n\t\t\t<div class=\"elementor-widget-wrap elementor-element-populated\">\n\t\t\t\t\t\t<div class=\"elementor-element elementor-element-29eeb77 elementor-widget__width-auto elementor-widget elementor-widget-button\" data-id=\"29eeb77\" data-element_type=\"widget\" data-e-type=\"widget\" data-widget_type=\"button.default\">\n\t\t\t\t<div class=\"elementor-widget-container\">\n\t\t\t\t\t\t\t\t\t<div class=\"elementor-button-wrapper\">\n\t\t\t\t\t<a class=\"elementor-button elementor-button-link elementor-size-xs\" href=\"https:\/\/naturpiedra.com\/es\/pizarras\/\">\n\t\t\t\t\t\t<span class=\"elementor-button-content-wrapper\">\n\t\t\t\t\t\t\t\t\t<span class=\"elementor-button-text\">Pizarras y Filitas<\/span>\n\t\t\t\t\t<\/span>\n\t\t\t\t\t<\/a>\n\t\t\t\t<\/div>\n\t\t\t\t\t\t\t\t<\/div>\n\t\t\t\t<\/div>\n\t\t\t\t<div class=\"elementor-element elementor-element-1bd2b8c elementor-widget__width-auto elementor-widget elementor-widget-button\" data-id=\"1bd2b8c\" data-element_type=\"widget\" data-e-type=\"widget\" data-widget_type=\"button.default\">\n\t\t\t\t<div class=\"elementor-widget-container\">\n\t\t\t\t\t\t\t\t\t<div class=\"elementor-button-wrapper\">\n\t\t\t\t\t<a class=\"elementor-button elementor-size-xs\" role=\"button\">\n\t\t\t\t\t\t<span class=\"elementor-button-content-wrapper\">\n\t\t\t\t\t\t\t\t\t<span class=\"elementor-button-text\">Cuarcitas<\/span>\n\t\t\t\t\t<\/span>\n\t\t\t\t\t<\/a>\n\t\t\t\t<\/div>\n\t\t\t\t\t\t\t\t<\/div>\n\t\t\t\t<\/div>\n\t\t\t\t<div class=\"elementor-element elementor-element-e0b985a elementor-widget__width-auto elementor-widget elementor-widget-button\" data-id=\"e0b985a\" data-element_type=\"widget\" data-e-type=\"widget\" data-widget_type=\"button.default\">\n\t\t\t\t<div class=\"elementor-widget-container\">\n\t\t\t\t\t\t\t\t\t<div class=\"elementor-button-wrapper\">\n\t\t\t\t\t<a class=\"elementor-button elementor-button-link elementor-size-xs\" href=\"https:\/\/naturpiedra.com\/es\/calizas\/\">\n\t\t\t\t\t\t<span class=\"elementor-button-content-wrapper\">\n\t\t\t\t\t\t\t\t\t<span class=\"elementor-button-text\">Calizas<\/span>\n\t\t\t\t\t<\/span>\n\t\t\t\t\t<\/a>\n\t\t\t\t<\/div>\n\t\t\t\t\t\t\t\t<\/div>\n\t\t\t\t<\/div>\n\t\t\t\t<div class=\"elementor-element elementor-element-5870d94 elementor-widget__width-auto elementor-widget elementor-widget-button\" data-id=\"5870d94\" data-element_type=\"widget\" data-e-type=\"widget\" data-widget_type=\"button.default\">\n\t\t\t\t<div class=\"elementor-widget-container\">\n\t\t\t\t\t\t\t\t\t<div class=\"elementor-button-wrapper\">\n\t\t\t\t\t<a class=\"elementor-button elementor-button-link elementor-size-xs\" href=\"https:\/\/naturpiedra.com\/es\/areniscas\/\" id=\"showme\">\n\t\t\t\t\t\t<span class=\"elementor-button-content-wrapper\">\n\t\t\t\t\t\t\t\t\t<span class=\"elementor-button-text\">Areniscas<\/span>\n\t\t\t\t\t<\/span>\n\t\t\t\t\t<\/a>\n\t\t\t\t<\/div>\n\t\t\t\t\t\t\t\t<\/div>\n\t\t\t\t<\/div>\n\t\t\t\t<div class=\"elementor-element elementor-element-065f757 elementor-widget__width-auto elementor-widget elementor-widget-button\" data-id=\"065f757\" data-element_type=\"widget\" data-e-type=\"widget\" data-widget_type=\"button.default\">\n\t\t\t\t<div class=\"elementor-widget-container\">\n\t\t\t\t\t\t\t\t\t<div class=\"elementor-button-wrapper\">\n\t\t\t\t\t<a class=\"elementor-button elementor-button-link elementor-size-xs\" href=\"https:\/\/naturpiedra.com\/es\/granito-y-basalto\/\" id=\"showme\">\n\t\t\t\t\t\t<span class=\"elementor-button-content-wrapper\">\n\t\t\t\t\t\t\t\t\t<span class=\"elementor-button-text\">Granito y Basalto<\/span>\n\t\t\t\t\t<\/span>\n\t\t\t\t\t<\/a>\n\t\t\t\t<\/div>\n\t\t\t\t\t\t\t\t<\/div>\n\t\t\t\t<\/div>\n\t\t\t\t<div class=\"elementor-element elementor-element-12e30a9 elementor-widget__width-auto elementor-widget elementor-widget-button\" data-id=\"12e30a9\" data-element_type=\"widget\" data-e-type=\"widget\" data-widget_type=\"button.default\">\n\t\t\t\t<div class=\"elementor-widget-container\">\n\t\t\t\t\t\t\t\t\t<div class=\"elementor-button-wrapper\">\n\t\t\t\t\t<a class=\"elementor-button elementor-button-link elementor-size-xs\" href=\"https:\/\/naturpiedra.com\/es\/travertino-y-marmoles\/\" id=\"showme\">\n\t\t\t\t\t\t<span class=\"elementor-button-content-wrapper\">\n\t\t\t\t\t\t\t\t\t<span class=\"elementor-button-text\">Travertino y M\u00e1rmoles<\/span>\n\t\t\t\t\t<\/span>\n\t\t\t\t\t<\/a>\n\t\t\t\t<\/div>\n\t\t\t\t\t\t\t\t<\/div>\n\t\t\t\t<\/div>\n\t\t\t\t\t<\/div>\n\t\t<\/div>\n\t\t\t\t\t<\/div>\n\t\t<\/section>\n\t\t\t\t<section class=\"elementor-section elementor-top-section elementor-element elementor-element-ddf93de elementor-section-full_width elementor-section-stretched elementor-hidden-desktop elementor-section-height-default elementor-section-height-default\" data-id=\"ddf93de\" data-element_type=\"section\" data-e-type=\"section\" data-settings=\"{&quot;stretch_section&quot;:&quot;section-stretched&quot;,&quot;background_background&quot;:&quot;classic&quot;}\">\n\t\t\t\t\t\t<div class=\"elementor-container elementor-column-gap-no\">\n\t\t\t\t\t<div class=\"elementor-column elementor-col-100 elementor-top-column elementor-element elementor-element-37d1129\" data-id=\"37d1129\" data-element_type=\"column\" data-e-type=\"column\">\n\t\t\t<div class=\"elementor-widget-wrap elementor-element-populated\">\n\t\t\t\t\t\t<div class=\"elementor-element elementor-element-be72d6a elementor-nav-menu__align-justify elementor-nav-menu--dropdown-none elementor-widget elementor-widget-nav-menu\" data-id=\"be72d6a\" data-element_type=\"widget\" data-e-type=\"widget\" data-settings=\"{&quot;layout&quot;:&quot;horizontal&quot;,&quot;submenu_icon&quot;:{&quot;value&quot;:&quot;&lt;i class=\\&quot;fas fa-caret-down\\&quot; aria-hidden=\\&quot;true\\&quot;&gt;&lt;\\\/i&gt;&quot;,&quot;library&quot;:&quot;fa-solid&quot;}}\" data-widget_type=\"nav-menu.default\">\n\t\t\t\t<div class=\"elementor-widget-container\">\n\t\t\t\t\t\t\t\t<nav aria-label=\"Men\u00fa\" class=\"elementor-nav-menu--main elementor-nav-menu__container elementor-nav-menu--layout-horizontal e--pointer-none\">\n\t\t\t\t<ul id=\"menu-1-be72d6a\" class=\"elementor-nav-menu\"><li class=\"menu-item menu-item-type-post_type menu-item-object-page menu-item-42338\"><a href=\"https:\/\/naturpiedra.com\/es\/pizarras\/\" class=\"elementor-item\">Pizarras y Filitas<\/a><\/li>\n<li class=\"menu-item menu-item-type-post_type menu-item-object-page menu-item-42336\"><a href=\"https:\/\/naturpiedra.com\/es\/cuarcitas\/\" class=\"elementor-item\">Cuarcitas<\/a><\/li>\n<li class=\"menu-item menu-item-type-post_type menu-item-object-page menu-item-42335\"><a href=\"https:\/\/naturpiedra.com\/es\/calizas\/\" class=\"elementor-item\">Calizas<\/a><\/li>\n<li class=\"menu-item menu-item-type-post_type menu-item-object-page menu-item-42334\"><a href=\"https:\/\/naturpiedra.com\/es\/areniscas\/\" class=\"elementor-item\">Areniscas<\/a><\/li>\n<li class=\"menu-item menu-item-type-post_type menu-item-object-page menu-item-42337\"><a href=\"https:\/\/naturpiedra.com\/es\/granito-y-basalto\/\" class=\"elementor-item\">Granito y Basalto<\/a><\/li>\n<li class=\"menu-item menu-item-type-post_type menu-item-object-page menu-item-42339\"><a href=\"https:\/\/naturpiedra.com\/es\/travertino-y-marmoles\/\" class=\"elementor-item\">Travertino y M\u00e1rmoles<\/a><\/li>\n<\/ul>\t\t\t<\/nav>\n\t\t\t\t\t\t<nav class=\"elementor-nav-menu--dropdown elementor-nav-menu__container\" aria-hidden=\"true\">\n\t\t\t\t<ul id=\"menu-2-be72d6a\" class=\"elementor-nav-menu\"><li class=\"menu-item menu-item-type-post_type menu-item-object-page menu-item-42338\"><a href=\"https:\/\/naturpiedra.com\/es\/pizarras\/\" class=\"elementor-item\" tabindex=\"-1\">Pizarras y Filitas<\/a><\/li>\n<li class=\"menu-item menu-item-type-post_type menu-item-object-page menu-item-42336\"><a href=\"https:\/\/naturpiedra.com\/es\/cuarcitas\/\" class=\"elementor-item\" tabindex=\"-1\">Cuarcitas<\/a><\/li>\n<li class=\"menu-item menu-item-type-post_type menu-item-object-page menu-item-42335\"><a href=\"https:\/\/naturpiedra.com\/es\/calizas\/\" class=\"elementor-item\" tabindex=\"-1\">Calizas<\/a><\/li>\n<li class=\"menu-item menu-item-type-post_type menu-item-object-page menu-item-42334\"><a href=\"https:\/\/naturpiedra.com\/es\/areniscas\/\" class=\"elementor-item\" tabindex=\"-1\">Areniscas<\/a><\/li>\n<li class=\"menu-item menu-item-type-post_type menu-item-object-page menu-item-42337\"><a href=\"https:\/\/naturpiedra.com\/es\/granito-y-basalto\/\" class=\"elementor-item\" tabindex=\"-1\">Granito y Basalto<\/a><\/li>\n<li class=\"menu-item menu-item-type-post_type menu-item-object-page menu-item-42339\"><a href=\"https:\/\/naturpiedra.com\/es\/travertino-y-marmoles\/\" class=\"elementor-item\" tabindex=\"-1\">Travertino y M\u00e1rmoles<\/a><\/li>\n<\/ul>\t\t\t<\/nav>\n\t\t\t\t\t\t<\/div>\n\t\t\t\t<\/div>\n\t\t\t\t\t<\/div>\n\t\t<\/div>\n\t\t\t\t\t<\/div>\n\t\t<\/section>\n\t\t\t\t<section class=\"elementor-section elementor-top-section elementor-element elementor-element-0a4ee92 elementor-section-boxed elementor-section-height-default elementor-section-height-default\" data-id=\"0a4ee92\" data-element_type=\"section\" data-e-type=\"section\">\n\t\t\t\t\t\t<div class=\"elementor-container elementor-column-gap-default\">\n\t\t\t\t\t<div class=\"elementor-column elementor-col-100 elementor-top-column elementor-element elementor-element-e55f783\" data-id=\"e55f783\" data-element_type=\"column\" data-e-type=\"column\">\n\t\t\t<div class=\"elementor-widget-wrap elementor-element-populated\">\n\t\t\t\t\t\t<div class=\"elementor-element elementor-element-c1ad9c5 elementor-widget elementor-widget-jet-listing-grid\" data-id=\"c1ad9c5\" data-element_type=\"widget\" data-e-type=\"widget\" data-settings=\"{&quot;columns_tablet&quot;:&quot;2&quot;,&quot;columns_mobile&quot;:&quot;1&quot;,&quot;columns&quot;:3}\" data-widget_type=\"jet-listing-grid.default\">\n\t\t\t\t<div class=\"elementor-widget-container\">\n\t\t\t\t\t<div class=\"jet-listing-grid jet-listing-grid--lazy-load jet-listing jet-listing-grid-loading\" data-lazy-load=\"{&quot;offset&quot;:&quot;0px&quot;,&quot;post_id&quot;:40820,&quot;queried_id&quot;:&quot;40820|WP_Post&quot;}\"><div class=\"jet-listing-grid__loader\"><div class=\"jet-listing-grid__loader-spinner\"><\/div><\/div><\/div>\t\t\t\t<\/div>\n\t\t\t\t<\/div>\n\t\t\t\t\t<\/div>\n\t\t<\/div>\n\t\t\t\t\t<\/div>\n\t\t<\/section>\n\t\t\t\t<section class=\"elementor-section elementor-top-section elementor-element elementor-element-d9ab6df elementor-section-boxed elementor-section-height-default elementor-section-height-default\" data-id=\"d9ab6df\" data-element_type=\"section\" data-e-type=\"section\">\n\t\t\t\t\t\t<div class=\"elementor-container elementor-column-gap-default\">\n\t\t\t\t\t<div class=\"elementor-column elementor-col-100 elementor-top-column elementor-element elementor-element-6539a05\" data-id=\"6539a05\" data-element_type=\"column\" data-e-type=\"column\">\n\t\t\t<div class=\"elementor-widget-wrap elementor-element-populated\">\n\t\t\t\t\t\t<div class=\"elementor-element elementor-element-d1c1eed elementor-widget elementor-widget-heading\" data-id=\"d1c1eed\" data-element_type=\"widget\" data-e-type=\"widget\" data-widget_type=\"heading.default\">\n\t\t\t\t<div class=\"elementor-widget-container\">\n\t\t\t\t\t<h1 class=\"elementor-heading-title elementor-size-default\">Cuarcitas<\/h1>\t\t\t\t<\/div>\n\t\t\t\t<\/div>\n\t\t\t\t\t<\/div>\n\t\t<\/div>\n\t\t\t\t\t<\/div>\n\t\t<\/section>\n\t\t\t\t<section class=\"elementor-section elementor-top-section elementor-element elementor-element-051951e elementor-section-boxed elementor-section-height-default elementor-section-height-default\" data-id=\"051951e\" data-element_type=\"section\" data-e-type=\"section\">\n\t\t\t\t\t\t<div class=\"elementor-container elementor-column-gap-default\">\n\t\t\t\t\t<div class=\"elementor-column elementor-col-100 elementor-top-column elementor-element elementor-element-01918e4\" data-id=\"01918e4\" data-element_type=\"column\" data-e-type=\"column\">\n\t\t\t<div class=\"elementor-widget-wrap elementor-element-populated\">\n\t\t\t\t\t\t<div class=\"elementor-element elementor-element-fb539ff elementor-widget elementor-widget-text-editor\" data-id=\"fb539ff\" data-element_type=\"widget\" data-e-type=\"widget\" data-widget_type=\"text-editor.default\">\n\t\t\t\t<div class=\"elementor-widget-container\">\n\t\t\t\t\t\t\t\t\t<p align=\"justify\">Esta tipolog\u00eda de piedras naturales de la gama de Naturpiedra Jbernardos, conforman una amplia gama de productos, de diversos tonos y acabados. Cuarcita, es una roca metam\u00f3rfica muy dura y con un contenido mayoritario de cuarzo; formada geol\u00f3gicamente, gracias a altas presiones y temperaturas de las capas tect\u00f3nicas. El resto de los distintos componentes de cada una de ellas, confieren una gran variedad de materiales de diversas tonalidades, entre las que existen numerosas rocas ornamentales utilizadas en construcci\u00f3n.<\/p><p align=\"justify\">Son un elemento enormemente decorativo, capaz de vestir elegantemente con su variedad de colores y texturas, dando amplias soluciones en cualquier proyecto constructivo: solados y chapados tanto exteriores como interiores, fachadas ventiladas con los diversos sistemas que estas utilizan, mampuestos, adoquinados, u obras de urbanizaci\u00f3n y paisajismo.<\/p><p align=\"justify\">Este tipo de materiales, utilizados ampliamente en construcci\u00f3n, destacan principalmente por su gran dureza, adapt\u00e1ndose a la perfecci\u00f3n al uso en exterior por su comportamiento optimo en cualquier tipo de ambiente y clima. En chapados son materiales muy resistentes y evitan la humedad; en solados aportan gran resistencia a compresi\u00f3n, rozamiento y deslizamiento. Como toda piedra natural, son materiales ecol\u00f3gicamente sostenibles, aportando este valor a\u00f1adido a los proyectos en los que se aplica.<\/p><p align=\"justify\">Destacamos la Cuarcita Cobre, extra\u00edda de la cantera de la peque\u00f1a poblaci\u00f3n segoviana de Domingo Garc\u00eda, y procesada en la f\u00e1brica de Bernardos, controlando Naturpiedra todo el proceso de este material de tonos grises y \u00f3xidos y ruda textura, enormemente apreciado en jardiner\u00eda y paisajismo, tanto en el mercado nacional como europeo. Naturpiedra completa tambi\u00e9n su gama con diversas cuarcitas de canteras colaboradoras, tanto de \u00e1mbito nacional como de importaci\u00f3n; conformando una de las m\u00e1s amplias ofertas de este material en el mercado, tanto en n\u00famero de productos, como en variedad de tonos, formatos, acabados y usos a los que se destinan.<\/p>\t\t\t\t\t\t\t\t<\/div>\n\t\t\t\t<\/div>\n\t\t\t\t\t<\/div>\n\t\t<\/div>\n\t\t\t\t\t<\/div>\n\t\t<\/section>\n\t\t\t\t<\/div>\n\t\t","protected":false},"excerpt":{"rendered":"<p>Pizarras y Filitas Cuarcitas Calizas Areniscas Granito y Basalto Travertino y M\u00e1rmoles Cuarcitas Esta tipolog\u00eda de piedras naturales de la gama de Naturpiedra Jbernardos, conforman una amplia gama de productos, de diversos tonos y acabados. Cuarcita, es una roca metam\u00f3rfica muy dura y con un contenido mayoritario de cuarzo; formada geol\u00f3gicamente, gracias a altas presiones [&hellip;]<\/p>\n","protected":false},"author":2,"featured_media":0,"parent":0,"menu_order":0,"comment_status":"closed","ping_status":"open","template":"","meta":{"inline_featured_image":false,"footnotes":""},"class_list":["post-40820","page","type-page","status-publish","hentry"],"yoast_head":"<!-- This site is optimized with the Yoast SEO plugin v27.4 - https:\/\/yoast.com\/product\/yoast-seo-wordpress\/ -->\n<title>Tipolog\u00eda - Cuarcitas - naturpiedra JBERNARDOS<\/title>\n<meta name=\"robots\" content=\"index, follow, max-snippet:-1, max-image-preview:large, max-video-preview:-1\" \/>\n<link rel=\"canonical\" href=\"https:\/\/naturpiedra.com\/es\/cuarcitas\/\" \/>\n<meta property=\"og:locale\" content=\"es_ES\" \/>\n<meta property=\"og:type\" content=\"article\" \/>\n<meta property=\"og:title\" content=\"Tipolog\u00eda - Cuarcitas - naturpiedra JBERNARDOS\" \/>\n<meta property=\"og:description\" content=\"Pizarras y Filitas Cuarcitas Calizas Areniscas Granito y Basalto Travertino y M\u00e1rmoles Cuarcitas Esta tipolog\u00eda de piedras naturales de la gama de Naturpiedra Jbernardos, conforman una amplia gama de productos, de diversos tonos y acabados. Cuarcita, es una roca metam\u00f3rfica muy dura y con un contenido mayoritario de cuarzo; formada geol\u00f3gicamente, gracias a altas presiones [&hellip;]\" \/>\n<meta property=\"og:url\" content=\"https:\/\/naturpiedra.com\/es\/cuarcitas\/\" \/>\n<meta property=\"og:site_name\" content=\"naturpiedra JBERNARDOS\" \/>\n<meta property=\"article:modified_time\" content=\"2023-06-06T21:41:18+00:00\" \/>\n<meta name=\"twitter:card\" content=\"summary_large_image\" \/>\n<meta name=\"twitter:label1\" content=\"Tiempo de lectura\" \/>\n\t<meta name=\"twitter:data1\" content=\"10 minutos\" \/>\n<script type=\"application\/ld+json\" class=\"yoast-schema-graph\">{\"@context\":\"https:\\\/\\\/schema.org\",\"@graph\":[{\"@type\":\"WebPage\",\"@id\":\"https:\\\/\\\/naturpiedra.com\\\/es\\\/cuarcitas\\\/\",\"url\":\"https:\\\/\\\/naturpiedra.com\\\/es\\\/cuarcitas\\\/\",\"name\":\"Tipolog\u00eda - Cuarcitas - naturpiedra JBERNARDOS\",\"isPartOf\":{\"@id\":\"https:\\\/\\\/naturpiedra.com\\\/es\\\/#website\"},\"datePublished\":\"2023-01-20T11:46:48+00:00\",\"dateModified\":\"2023-06-06T21:41:18+00:00\",\"breadcrumb\":{\"@id\":\"https:\\\/\\\/naturpiedra.com\\\/es\\\/cuarcitas\\\/#breadcrumb\"},\"inLanguage\":\"es\",\"potentialAction\":[{\"@type\":\"ReadAction\",\"target\":[\"https:\\\/\\\/naturpiedra.com\\\/es\\\/cuarcitas\\\/\"]}]},{\"@type\":\"BreadcrumbList\",\"@id\":\"https:\\\/\\\/naturpiedra.com\\\/es\\\/cuarcitas\\\/#breadcrumb\",\"itemListElement\":[{\"@type\":\"ListItem\",\"position\":1,\"name\":\"Portada\",\"item\":\"https:\\\/\\\/naturpiedra.com\\\/es\\\/\"},{\"@type\":\"ListItem\",\"position\":2,\"name\":\"Tipolog\u00eda &#8211; Cuarcitas\"}]},{\"@type\":\"WebSite\",\"@id\":\"https:\\\/\\\/naturpiedra.com\\\/es\\\/#website\",\"url\":\"https:\\\/\\\/naturpiedra.com\\\/es\\\/\",\"name\":\"naturpiedra JBERNARDOS\",\"description\":\"| Suministro y Colocaci\u00f3n de Piedra Natural\",\"publisher\":{\"@id\":\"https:\\\/\\\/naturpiedra.com\\\/es\\\/#organization\"},\"potentialAction\":[{\"@type\":\"SearchAction\",\"target\":{\"@type\":\"EntryPoint\",\"urlTemplate\":\"https:\\\/\\\/naturpiedra.com\\\/es\\\/?s={search_term_string}\"},\"query-input\":{\"@type\":\"PropertyValueSpecification\",\"valueRequired\":true,\"valueName\":\"search_term_string\"}}],\"inLanguage\":\"es\"},{\"@type\":\"Organization\",\"@id\":\"https:\\\/\\\/naturpiedra.com\\\/es\\\/#organization\",\"name\":\"naturpiedra JBERNARDOS\",\"url\":\"https:\\\/\\\/naturpiedra.com\\\/es\\\/\",\"logo\":{\"@type\":\"ImageObject\",\"inLanguage\":\"es\",\"@id\":\"https:\\\/\\\/naturpiedra.com\\\/es\\\/#\\\/schema\\\/logo\\\/image\\\/\",\"url\":\"https:\\\/\\\/naturpiedra.com\\\/es\\\/wp-content\\\/uploads\\\/2022\\\/09\\\/logo-naturpiedra.png\",\"contentUrl\":\"https:\\\/\\\/naturpiedra.com\\\/es\\\/wp-content\\\/uploads\\\/2022\\\/09\\\/logo-naturpiedra.png\",\"width\":265,\"height\":50,\"caption\":\"naturpiedra JBERNARDOS\"},\"image\":{\"@id\":\"https:\\\/\\\/naturpiedra.com\\\/es\\\/#\\\/schema\\\/logo\\\/image\\\/\"}}]}<\/script>\n<!-- \/ Yoast SEO plugin. -->","yoast_head_json":{"title":"Tipolog\u00eda - Cuarcitas - naturpiedra JBERNARDOS","robots":{"index":"index","follow":"follow","max-snippet":"max-snippet:-1","max-image-preview":"max-image-preview:large","max-video-preview":"max-video-preview:-1"},"canonical":"https:\/\/naturpiedra.com\/es\/cuarcitas\/","og_locale":"es_ES","og_type":"article","og_title":"Tipolog\u00eda - Cuarcitas - naturpiedra JBERNARDOS","og_description":"Pizarras y Filitas Cuarcitas Calizas Areniscas Granito y Basalto Travertino y M\u00e1rmoles Cuarcitas Esta tipolog\u00eda de piedras naturales de la gama de Naturpiedra Jbernardos, conforman una amplia gama de productos, de diversos tonos y acabados. Cuarcita, es una roca metam\u00f3rfica muy dura y con un contenido mayoritario de cuarzo; formada geol\u00f3gicamente, gracias a altas presiones [&hellip;]","og_url":"https:\/\/naturpiedra.com\/es\/cuarcitas\/","og_site_name":"naturpiedra JBERNARDOS","article_modified_time":"2023-06-06T21:41:18+00:00","twitter_card":"summary_large_image","twitter_misc":{"Tiempo de lectura":"10 minutos"},"schema":{"@context":"https:\/\/schema.org","@graph":[{"@type":"WebPage","@id":"https:\/\/naturpiedra.com\/es\/cuarcitas\/","url":"https:\/\/naturpiedra.com\/es\/cuarcitas\/","name":"Tipolog\u00eda - Cuarcitas - naturpiedra JBERNARDOS","isPartOf":{"@id":"https:\/\/naturpiedra.com\/es\/#website"},"datePublished":"2023-01-20T11:46:48+00:00","dateModified":"2023-06-06T21:41:18+00:00","breadcrumb":{"@id":"https:\/\/naturpiedra.com\/es\/cuarcitas\/#breadcrumb"},"inLanguage":"es","potentialAction":[{"@type":"ReadAction","target":["https:\/\/naturpiedra.com\/es\/cuarcitas\/"]}]},{"@type":"BreadcrumbList","@id":"https:\/\/naturpiedra.com\/es\/cuarcitas\/#breadcrumb","itemListElement":[{"@type":"ListItem","position":1,"name":"Portada","item":"https:\/\/naturpiedra.com\/es\/"},{"@type":"ListItem","position":2,"name":"Tipolog\u00eda &#8211; Cuarcitas"}]},{"@type":"WebSite","@id":"https:\/\/naturpiedra.com\/es\/#website","url":"https:\/\/naturpiedra.com\/es\/","name":"naturpiedra JBERNARDOS","description":"| Suministro y Colocaci\u00f3n de Piedra Natural","publisher":{"@id":"https:\/\/naturpiedra.com\/es\/#organization"},"potentialAction":[{"@type":"SearchAction","target":{"@type":"EntryPoint","urlTemplate":"https:\/\/naturpiedra.com\/es\/?s={search_term_string}"},"query-input":{"@type":"PropertyValueSpecification","valueRequired":true,"valueName":"search_term_string"}}],"inLanguage":"es"},{"@type":"Organization","@id":"https:\/\/naturpiedra.com\/es\/#organization","name":"naturpiedra JBERNARDOS","url":"https:\/\/naturpiedra.com\/es\/","logo":{"@type":"ImageObject","inLanguage":"es","@id":"https:\/\/naturpiedra.com\/es\/#\/schema\/logo\/image\/","url":"https:\/\/naturpiedra.com\/es\/wp-content\/uploads\/2022\/09\/logo-naturpiedra.png","contentUrl":"https:\/\/naturpiedra.com\/es\/wp-content\/uploads\/2022\/09\/logo-naturpiedra.png","width":265,"height":50,"caption":"naturpiedra JBERNARDOS"},"image":{"@id":"https:\/\/naturpiedra.com\/es\/#\/schema\/logo\/image\/"}}]}},"lang":"es","translations":{"es":40820,"en":59205},"pll_sync_post":[],"_links":{"self":[{"href":"https:\/\/naturpiedra.com\/es\/wp-json\/wp\/v2\/pages\/40820","targetHints":{"allow":["GET"]}}],"collection":[{"href":"https:\/\/naturpiedra.com\/es\/wp-json\/wp\/v2\/pages"}],"about":[{"href":"https:\/\/naturpiedra.com\/es\/wp-json\/wp\/v2\/types\/page"}],"author":[{"embeddable":true,"href":"https:\/\/naturpiedra.com\/es\/wp-json\/wp\/v2\/users\/2"}],"replies":[{"embeddable":true,"href":"https:\/\/naturpiedra.com\/es\/wp-json\/wp\/v2\/comments?post=40820"}],"version-history":[{"count":3,"href":"https:\/\/naturpiedra.com\/es\/wp-json\/wp\/v2\/pages\/40820\/revisions"}],"predecessor-version":[{"id":62360,"href":"https:\/\/naturpiedra.com\/es\/wp-json\/wp\/v2\/pages\/40820\/revisions\/62360"}],"wp:attachment":[{"href":"https:\/\/naturpiedra.com\/es\/wp-json\/wp\/v2\/media?parent=40820"}],"curies":[{"name":"wp","href":"https:\/\/api.w.org\/{rel}","templated":true}]}}